{"id":870,"date":"2018-06-12T15:48:22","date_gmt":"2018-06-12T15:48:22","guid":{"rendered":"https:\/\/casaderetiroelmirador.com\/loginwp\/?page_id=870"},"modified":"2023-11-17T20:44:20","modified_gmt":"2023-11-17T20:44:20","slug":"cuarto-compartido","status":"publish","type":"page","link":"https:\/\/casaderetiroelmirador.com\/loginwp\/es\/cuarto-compartido\/","title":{"rendered":"Cuarto compartido"},"content":{"rendered":"<div class=\"wpb-content-wrapper\"><p>[vc_row][vc_column heading_align=&#8221;text-center&#8221; align=&#8221;text-center&#8221;][vc_column_text]Las habitaciones compartidas son de primera clase, cada una equipada con dos c\u00f3modas camas con barandal de seguridad, armarios, mesas de noche, aire acondicionado, calent\u00f3n, y una televisi\u00f3n de plasma con control remoto. Puede contar con espacioso ba\u00f1o completamente equipado con asientos especiales y barandales que brindan seguridad y confort.[\/vc_column_text][vc_images_carousel images=&#8221;2546,2548,2547&#8243; img_size=&#8221;full&#8221; speed=&#8221;3000&#8243; autoplay=&#8221;yes&#8221;][\/vc_column][\/vc_row]<\/p>\n<\/div>","protected":false},"excerpt":{"rendered":"<p>[vc_row][vc_column heading_align=&#8221;text-center&#8221; align=&#8221;text-center&#8221;][vc_column_text]Las habitaciones compartidas son de primera clase, cada una equipada con dos c\u00f3modas camas con barandal de seguridad, armarios, mesas de noche, aire acondicionado, calent\u00f3n, y una televisi\u00f3n [&hellip;]<\/p>\n","protected":false},"author":1,"featured_media":807,"parent":841,"menu_order":0,"comment_status":"closed","ping_status":"closed","template":"","meta":{"footnotes":""},"class_list":["post-870","page","type-page","status-publish","has-post-thumbnail","hentry"],"_links":{"self":[{"href":"https:\/\/casaderetiroelmirador.com\/loginwp\/wp-json\/wp\/v2\/pages\/870","targetHints":{"allow":["GET"]}}],"collection":[{"href":"https:\/\/casaderetiroelmirador.com\/loginwp\/wp-json\/wp\/v2\/pages"}],"about":[{"href":"https:\/\/casaderetiroelmirador.com\/loginwp\/wp-json\/wp\/v2\/types\/page"}],"author":[{"embeddable":true,"href":"https:\/\/casaderetiroelmirador.com\/loginwp\/wp-json\/wp\/v2\/users\/1"}],"replies":[{"embeddable":true,"href":"https:\/\/casaderetiroelmirador.com\/loginwp\/wp-json\/wp\/v2\/comments?post=870"}],"version-history":[{"count":0,"href":"https:\/\/casaderetiroelmirador.com\/loginwp\/wp-json\/wp\/v2\/pages\/870\/revisions"}],"up":[{"embeddable":true,"href":"https:\/\/casaderetiroelmirador.com\/loginwp\/wp-json\/wp\/v2\/pages\/841"}],"wp:featuredmedia":[{"embeddable":true,"href":"https:\/\/casaderetiroelmirador.com\/loginwp\/wp-json\/wp\/v2\/media\/807"}],"wp:attachment":[{"href":"https:\/\/casaderetiroelmirador.com\/loginwp\/wp-json\/wp\/v2\/media?parent=870"}],"curies":[{"name":"wp","href":"https:\/\/api.w.org\/{rel}","templated":true}]}}