{"id":853,"date":"2018-06-12T15:44:02","date_gmt":"2018-06-12T15:44:02","guid":{"rendered":"https:\/\/casaderetiroelmirador.com\/loginwp\/?page_id=853"},"modified":"2024-05-16T20:45:57","modified_gmt":"2024-05-16T20:45:57","slug":"nuestros-servicios","status":"publish","type":"page","link":"https:\/\/casaderetiroelmirador.com\/loginwp\/es\/nuestros-servicios\/","title":{"rendered":"Nuestros servicios"},"content":{"rendered":"<div class=\"wpb-content-wrapper\"><p>[vc_row full_width=&#8221;0&#8243; full_height=&#8221;0&#8243; row_padding=&#8221;no_bottom_padding&#8221; sep_bottom=&#8221;separator_bottom sep_angled_positive_bottom&#8221; particles=&#8221;0&#8243; css=&#8221;.vc_custom_1528733884891{padding-top: 32px !important;padding-bottom: 0px !important;}&#8221;][vc_column width=&#8221;1\/3&#8243;][plethora_teaserbox title=&#8221;Asistencia, cuidado y supervisi\u00f3n las 24 horas&#8221; subtitle=&#8221;El personal es entrenado en el cuidado del adulto mayor con enfermedades como Alzheimer, demencia, hemodi\u00e1lisis, diabetes y Parkinson.&#8221; teaser_link=&#8221;url:https%3A%2F%2Fcasaderetiroelmirador.com%2Floginwp%2Fes%2Fnuestros-servicios%2Fsupervision-medica-constante%2F|title:https%3A%2F%2Fcasaderetiroelmirador.com%2Floginwp%2Fes%2Fnuestros-servicios%2Fsupervision-medica-constante%2F|target:%20_blank|&#8221; link_title=&#8221;1&#8243; image=&#8221;573&#8243; media_ratio=&#8221;stretchy_wrapper ratio_16-9&#8243; button_display=&#8221;0&#8243; same_height=&#8221;same_height_col&#8221; button=&#8221;1&#8243;][\/plethora_teaserbox][\/vc_column][vc_column width=&#8221;1\/3&#8243;][plethora_teaserbox title=&#8221;Instalaciones de primer nivel&#8221; subtitle=&#8221;Espaciosas habitaciones privadas y compartidas, son habilitadas con aire acondicionado, abanico, calefacci\u00f3n, T.V. con cable y cama de hospital (opcional).&#8221; teaser_link=&#8221;url:https%3A%2F%2Fcasaderetiroelmirador.com%2Floginwp%2Fes%2Finstalaciones-de-primer-nivel%2F|title:https%3A%2F%2Fcasaderetiroelmirador.com%2Floginwp%2Fes%2Finstalaciones-de-primer-nivel%2F|target:_blank&#8221; link_title=&#8221;1&#8243; image=&#8221;537&#8243; media_ratio=&#8221;stretchy_wrapper ratio_16-9&#8243; button_display=&#8221;0&#8243; same_height=&#8221;same_height_col&#8221; button=&#8221;1&#8243;][\/plethora_teaserbox][\/vc_column][vc_column width=&#8221;1\/3&#8243;][plethora_teaserbox title=&#8221;Limpieza impecable&#8221; subtitle=&#8221;Lavado de ropa personal y de cama.&#8221; teaser_link=&#8221;url:https%3A%2F%2Fcasaderetiroelmirador.com%2Floginwp%2Fes%2Fnuestros-servicios%2F|title:https%3A%2F%2Fcasaderetiroelmirador.com%2Floginwp%2Fes%2Fnuestros-servicios%2Flimpieza-impecable%2F|target:%20_blank|&#8221; link_title=&#8221;1&#8243; image=&#8221;575&#8243; media_ratio=&#8221;stretchy_wrapper ratio_16-9&#8243; text_boxed_styling=&#8221;boxed&#8221; button_display=&#8221;0&#8243; same_height=&#8221;same_height_col&#8221; button=&#8221;1&#8243;][\/plethora_teaserbox][\/vc_column][\/vc_row][vc_row full_width=&#8221;0&#8243; full_height=&#8221;0&#8243; row_padding=&#8221;no_bottom_padding&#8221; sep_bottom=&#8221;separator_bottom sep_angled_positive_bottom&#8221; particles=&#8221;0&#8243; css=&#8221;.vc_custom_1528733877975{padding-top: 32px !important;}&#8221;][vc_column width=&#8221;1\/3&#8243;][plethora_teaserbox title=&#8221;Administraci\u00f3n de medicamentos.&#8221; teaser_link=&#8221;url:https%3A%2F%2Fcasaderetiroelmirador.com%2Floginwp%2Fes%2Fnuestros-servicios%2Fadministracion-de-medicamentos%2F|title:https%3A%2F%2Fcasaderetiroelmirador.com%2Floginwp%2Fes%2Fnuestros-servicios%2Fadministracion-de-medicamentos%2F|target:%20_blank|&#8221; link_title=&#8221;1&#8243; image=&#8221;577&#8243; media_ratio=&#8221;stretchy_wrapper ratio_16-9&#8243; button_display=&#8221;0&#8243; same_height=&#8221;same_height_col&#8221; button=&#8221;1&#8243;][\/plethora_teaserbox][\/vc_column][vc_column width=&#8221;1\/3&#8243;][plethora_teaserbox title=&#8221;Registro diario de signos vitales&#8221; subtitle=&#8221;(Presi\u00f3n arterial, pulso, glucosa), \u00fatil para seguimientos en consultas m\u00e9dicas.&#8221; teaser_link=&#8221;url:https%3A%2F%2Fcasaderetiroelmirador.com%2Floginwp%2Fes%2Fnuestros-servicios%2Fregistro-diario-de-signos-vitales%2F|title:https%3A%2F%2Fcasaderetiroelmirador.com%2Floginwp%2Fes%2Fnuestros-servicios%2Fregistro-diario-de-signos-vitales%2F|target:%20_blank|&#8221; link_title=&#8221;1&#8243; image=&#8221;578&#8243; media_ratio=&#8221;stretchy_wrapper ratio_16-9&#8243; button_display=&#8221;0&#8243; same_height=&#8221;same_height_col&#8221; button=&#8221;1&#8243;][\/plethora_teaserbox][\/vc_column][vc_column width=&#8221;1\/3&#8243;][plethora_teaserbox title=&#8221;Consulta con geriatra&#8221; subtitle=&#8221;una vez al mes para monitorear y supervisar la salud de los residentes (opcional, con costo adicional).&#8221; teaser_link=&#8221;url:https%3A%2F%2Fcasaderetiroelmirador.com%2Floginwp%2Fconsulta-con-geriatra%2F|title:https%3A%2F%2Fcasaderetiroelmirador.com%2Floginwp%2Fconsulta-con-geriatra%2F|target:%20_blank|&#8221; image=&#8221;579&#8243; media_ratio=&#8221;stretchy_wrapper ratio_16-9&#8243; text_boxed_styling=&#8221;boxed&#8221; button_display=&#8221;0&#8243; same_height=&#8221;same_height_col&#8221; button=&#8221;1&#8243;][\/plethora_teaserbox][\/vc_column][\/vc_row][vc_row full_width=&#8221;0&#8243; full_height=&#8221;0&#8243; row_padding=&#8221;no_bottom_padding&#8221; sep_bottom=&#8221;separator_bottom sep_angled_positive_bottom&#8221; particles=&#8221;0&#8243; css=&#8221;.vc_custom_1528733870019{padding-top: 32px !important;}&#8221;][vc_column width=&#8221;1\/3&#8243;][plethora_teaserbox title=&#8221;Tres (3) alimentos al d\u00eda y dos refrigerios&#8221; subtitle=&#8221;(media ma\u00f1ana y media tarde) que se ajustan a las necesidades personales de alimentaci\u00f3n. Podemos suministrar cualquier dieta especial.&#8221; teaser_link=&#8221;url:https%3A%2F%2Fcasaderetiroelmirador.com%2Floginwp%2Fes%2Fnuestros-servicios%2F3-comidas-saludables%2F|title:https%3A%2F%2Fcasaderetiroelmirador.com%2Floginwp%2Fes%2Fnuestros-servicios%2F3-comidas-saludables%2F|target:%20_blank|&#8221; link_title=&#8221;1&#8243; image=&#8221;582&#8243; media_ratio=&#8221;stretchy_wrapper ratio_16-9&#8243; button_display=&#8221;0&#8243; same_height=&#8221;same_height_col&#8221; button=&#8221;1&#8243;][\/plethora_teaserbox][\/vc_column][vc_column width=&#8221;1\/3&#8243;][plethora_teaserbox title=&#8221;Terapia f\u00edsica grupal&#8221; subtitle=&#8221;(2 horas diarias de Lunes a Viernes) y masaje individual. Promovemos el cuidado que fortalezca la independencia de nuestros residentes.&#8221; teaser_link=&#8221;url:https%3A%2F%2Fcasaderetiroelmirador.com%2Floginwp%2Fes%2Fnuestros-servicios%2Fterapia-fisica%2F|title:https%3A%2F%2Fcasaderetiroelmirador.com%2Floginwp%2Fes%2Fnuestros-servicios%2Fterapia-fisica%2F|target:%20_blank|&#8221; link_title=&#8221;1&#8243; image=&#8221;585&#8243; media_ratio=&#8221;stretchy_wrapper ratio_16-9&#8243; button_display=&#8221;0&#8243; same_height=&#8221;same_height_col&#8221; button=&#8221;1&#8243;][\/plethora_teaserbox][\/vc_column][vc_column width=&#8221;1\/3&#8243;][plethora_teaserbox title=&#8221;Terapia ocupacional por las tardes&#8221; subtitle=&#8221;(Pintura, dibujo, lectura, juegos de mesa).&#8221; teaser_link=&#8221;url:https%3A%2F%2Fcasaderetiroelmirador.com%2Floginwp%2Fes%2Fnuestros-servicios%2Fterapia-ocupacional%2F|title:https%3A%2F%2Fcasaderetiroelmirador.com%2Floginwp%2Fes%2Fnuestros-servicios%2Fterapia-ocupacional%2F|target:%20_blank|&#8221; link_title=&#8221;1&#8243; image=&#8221;586&#8243; media_ratio=&#8221;stretchy_wrapper ratio_16-9&#8243; text_boxed_styling=&#8221;boxed&#8221; button_display=&#8221;0&#8243; same_height=&#8221;same_height_col&#8221; button=&#8221;1&#8243;][\/plethora_teaserbox][\/vc_column][\/vc_row][vc_row full_width=&#8221;0&#8243; full_height=&#8221;0&#8243; row_padding=&#8221;no_bottom_padding&#8221; sep_bottom=&#8221;separator_bottom sep_angled_positive_bottom&#8221; particles=&#8221;0&#8243; css=&#8221;.vc_custom_1528491703361{padding-top: 64px !important;}&#8221;][vc_column width=&#8221;1\/3&#8243;][plethora_teaserbox title=&#8221;Corte de cabello&#8221; subtitle=&#8221;corte de u\u00f1as de pies y manos una vez al mes&#8221; teaser_link=&#8221;url:https%3A%2F%2Fcasaderetiroelmirador.com%2Floginwp%2Fes%2Fnuestros-servicios%2Fcorte-de-cabello-mensual%2F|title:https%3A%2F%2Fcasaderetiroelmirador.com%2Floginwp%2Fes%2Fnuestros-servicios%2Fcorte-de-cabello-mensual%2F|target:%20_blank|&#8221; link_title=&#8221;1&#8243; image=&#8221;587&#8243; media_ratio=&#8221;stretchy_wrapper ratio_16-9&#8243; button_display=&#8221;0&#8243; same_height=&#8221;same_height_col&#8221; button=&#8221;1&#8243;][\/plethora_teaserbox][\/vc_column][vc_column width=&#8221;1\/3&#8243;][plethora_teaserbox title=&#8221;Visitas&#8221; subtitle=&#8221;Las 24 horas, los 7 d\u00edas de la semana.&#8221; teaser_link=&#8221;url:https%3A%2F%2Fcasaderetiroelmirador.com%2Floginwp%2Fes%2Fnuestros-servicios%2Fvisitas-las-24-horas%2F|title:https%3A%2F%2Fcasaderetiroelmirador.com%2Floginwp%2Fes%2Fnuestros-servicios%2Fvisitas-las-24%2F|target:%20_blank|&#8221; link_title=&#8221;1&#8243; image=&#8221;588&#8243; media_ratio=&#8221;stretchy_wrapper ratio_16-9&#8243; button_display=&#8221;0&#8243; same_height=&#8221;same_height_col&#8221; button=&#8221;1&#8243;][\/plethora_teaserbox][\/vc_column][vc_column width=&#8221;1\/3&#8243;][plethora_teaserbox title=&#8221;Oraci\u00f3n y comuni\u00f3n cat\u00f3lica&#8221; subtitle=&#8221;los mi\u00e9rcoles&#8221; teaser_link=&#8221;url:https%3A%2F%2Fcasaderetiroelmirador.com%2Floginwp%2Fes%2Fnuestros-servicios%2Foracion-y-comunion-catolica%2F|title:https%3A%2F%2Fcasaderetiroelmirador.com%2Floginwp%2Fes%2Fnuestros-servicios%2Foracion-y-comunion-catolica%2F|target:%20_blank|&#8221; image=&#8221;589&#8243; media_ratio=&#8221;stretchy_wrapper ratio_16-9&#8243; text_boxed_styling=&#8221;boxed&#8221; button_display=&#8221;0&#8243; same_height=&#8221;same_height_col&#8221; button=&#8221;1&#8243;][\/plethora_teaserbox][\/vc_column][\/vc_row][vc_row full_width=&#8221;0&#8243; full_height=&#8221;0&#8243; row_padding=&#8221;no_bottom_padding&#8221; sep_bottom=&#8221;separator_bottom sep_angled_positive_bottom&#8221; particles=&#8221;0&#8243; css=&#8221;.vc_custom_1528733853999{padding-top: 32px !important;}&#8221;][vc_column width=&#8221;1\/3&#8243;][plethora_teaserbox title=&#8221;Festejo de cumplea\u00f1os de nuestros residentes.&#8221; teaser_link=&#8221;url:https%3A%2F%2Fcasaderetiroelmirador.com%2Floginwp%2Fes%2Fnuestros-servicios%2Ffestejo-de-cumpleanos%2F|title:https%3A%2F%2Fcasaderetiroelmirador.com%2Floginwp%2Fes%2Fnuestros-servicios%2Ffestejo-de-cumpleanos%2F|target:%20_blank|&#8221; link_title=&#8221;1&#8243; image=&#8221;590&#8243; media_ratio=&#8221;stretchy_wrapper ratio_16-9&#8243; button_display=&#8221;0&#8243; same_height=&#8221;same_height_col&#8221; button=&#8221;1&#8243;][\/plethora_teaserbox][\/vc_column][vc_column width=&#8221;1\/3&#8243;][plethora_teaserbox title=&#8221;Monitoreo en video para su tranquilidad.&#8221; teaser_link=&#8221;url:https%3A%2F%2Fcasaderetiroelmirador.com%2Floginwp%2Fes%2Fnuestros-servicios%2Fmonitoreo-en-video-para-su-tranquilidad%2F|title:https%3A%2F%2Fcasaderetiroelmirador.com%2Floginwp%2Fes%2Fnuestros-servicios%2Fmonitoreo-en-video-para-su-tranquilidad%2F|target:%20_blank|&#8221; image=&#8221;591&#8243; media_ratio=&#8221;stretchy_wrapper ratio_16-9&#8243; button_display=&#8221;0&#8243; same_height=&#8221;same_height_col&#8221; button=&#8221;1&#8243;][\/plethora_teaserbox][\/vc_column][\/vc_row][vc_row full_width=&#8221;0&#8243; full_height=&#8221;0&#8243; particles=&#8221;0&#8243; css=&#8221;.vc_custom_1528734109761{padding-top: 32px !important;}&#8221;][vc_column width=&#8221;1\/2&#8243;][vc_text_separator title=&#8221;El pago mensual de los servicios se determina seg\u00fan lo siguiente:&#8221;][vc_column_text]<\/p>\n<ul>\n<li>Tipo de habitaci\u00f3n deseada (privada o compartida).<\/li>\n<li>Nivel de cuidado requerido. Como requisito de admisi\u00f3n, se debe realizar una valoraci\u00f3n m\u00e9dica al candidato, sin costo ni compromiso, en la que se eval\u00faa su movilidad y cuidados requeridos, entre otros aspectos.<\/li>\n<\/ul>\n<p>[\/vc_column_text][\/vc_column][vc_column width=&#8221;1\/2&#8243;][vc_text_separator title=&#8221;Servicio de Guarder\u00eda:&#8221;][vc_column_text]<\/p>\n<p class=\"text\">Este servicio se proporciona por horas, en apoyo a los familiares que cuidan de un adulto mayor, y que necesitan tiempo para el trabajo, hacer compras, tomar unas vacaciones o dedicar alg\u00fan tiempo a ellos mismos.<\/p>\n<ul class=\"text\">\n<li>6 horas, incluye una comida y un refrigerio.<\/li>\n<li>8 horas, incluye dos comidas y dos refrigerios.<\/li>\n<li>10 horas, incluye tres comidas y dos refrigerios.<\/li>\n<li>24 horas, incluye tres comidas y dos refrigerios.<\/li>\n<\/ul>\n<p>[\/vc_column_text][\/vc_column][\/vc_row]<\/p>\n<\/div>","protected":false},"excerpt":{"rendered":"<p>[vc_row full_width=&#8221;0&#8243; full_height=&#8221;0&#8243; row_padding=&#8221;no_bottom_padding&#8221; sep_bottom=&#8221;separator_bottom sep_angled_positive_bottom&#8221; particles=&#8221;0&#8243; css=&#8221;.vc_custom_1528733884891{padding-top: 32px !important;padding-bottom: 0px !important;}&#8221;][vc_column width=&#8221;1\/3&#8243;][plethora_teaserbox title=&#8221;Asistencia, cuidado y supervisi\u00f3n las 24 horas&#8221; subtitle=&#8221;El personal es entrenado en el cuidado del adulto mayor [&hellip;]<\/p>\n","protected":false},"author":1,"featured_media":570,"parent":841,"menu_order":0,"comment_status":"closed","ping_status":"closed","template":"","meta":{"footnotes":""},"class_list":["post-853","page","type-page","status-publish","has-post-thumbnail","hentry"],"_links":{"self":[{"href":"https:\/\/casaderetiroelmirador.com\/loginwp\/wp-json\/wp\/v2\/pages\/853","targetHints":{"allow":["GET"]}}],"collection":[{"href":"https:\/\/casaderetiroelmirador.com\/loginwp\/wp-json\/wp\/v2\/pages"}],"about":[{"href":"https:\/\/casaderetiroelmirador.com\/loginwp\/wp-json\/wp\/v2\/types\/page"}],"author":[{"embeddable":true,"href":"https:\/\/casaderetiroelmirador.com\/loginwp\/wp-json\/wp\/v2\/users\/1"}],"replies":[{"embeddable":true,"href":"https:\/\/casaderetiroelmirador.com\/loginwp\/wp-json\/wp\/v2\/comments?post=853"}],"version-history":[{"count":0,"href":"https:\/\/casaderetiroelmirador.com\/loginwp\/wp-json\/wp\/v2\/pages\/853\/revisions"}],"up":[{"embeddable":true,"href":"https:\/\/casaderetiroelmirador.com\/loginwp\/wp-json\/wp\/v2\/pages\/841"}],"wp:featuredmedia":[{"embeddable":true,"href":"https:\/\/casaderetiroelmirador.com\/loginwp\/wp-json\/wp\/v2\/media\/570"}],"wp:attachment":[{"href":"https:\/\/casaderetiroelmirador.com\/loginwp\/wp-json\/wp\/v2\/media?parent=853"}],"curies":[{"name":"wp","href":"https:\/\/api.w.org\/{rel}","templated":true}]}}