{"id":847,"date":"2018-06-12T15:42:27","date_gmt":"2018-06-12T15:42:27","guid":{"rendered":"https:\/\/casaderetiroelmirador.com\/loginwp\/?page_id=847"},"modified":"2023-06-07T16:41:52","modified_gmt":"2023-06-07T16:41:52","slug":"los-abuelos","status":"publish","type":"page","link":"https:\/\/casaderetiroelmirador.com\/loginwp\/es\/los-abuelos\/","title":{"rendered":"Los Abuelos"},"content":{"rendered":"<div class=\"wpb-content-wrapper\"><p>[vc_row full_width=&#8221;1&#8243; full_height=&#8221;0&#8243; particles=&#8221;0&#8243; css=&#8221;.vc_custom_1655244713039{padding-bottom: 0px !important;background-color: #efefef !important;}&#8221;][vc_column heading_align=&#8221;text-justify&#8221; align=&#8221;text-justify&#8221;][vc_column_text]La estancia Los Abuelos surge de la necesidad de un espacio alterno para las familias que requieren del cuidado integral del adulto mayor.<\/p>\n<p>Inaugurada el 23 de enero del 2003, totalmente equipada esta casa se ha esforzado por brindar una atenci\u00f3n personalizada, c\u00e1lida y animosa, con especial cuidado en la seguridad f\u00edsica para las personas en esta etapa de su vida.<\/p>\n<p>El profesionalismo de nuestros servicios se refleja en el estado bio-psicosocial de nuestros abuelos.[\/vc_column_text][vc_column_text]<img decoding=\"async\" class=\"alignnone wp-image-2417\" src=\"https:\/\/casaderetiroelmirador.com\/loginwp\/wp-content\/uploads\/2023\/06\/Map-200x300.png\" alt=\"\" width=\"12\" height=\"18\" srcset=\"https:\/\/casaderetiroelmirador.com\/loginwp\/wp-content\/uploads\/2023\/06\/Map-200x300.png 200w, https:\/\/casaderetiroelmirador.com\/loginwp\/wp-content\/uploads\/2023\/06\/Map.png 396w\" sizes=\"(max-width: 12px) 100vw, 12px\" \/>\u00a0 Av. Tulipanes No. 9469, Fracc.\u00a0 Jardines de la Mesa<\/p>\n<p><img decoding=\"async\" class=\"alignnone wp-image-2418\" src=\"https:\/\/casaderetiroelmirador.com\/loginwp\/wp-content\/uploads\/2023\/06\/Phone-225x300.png\" alt=\"\" width=\"14\" height=\"19\" srcset=\"https:\/\/casaderetiroelmirador.com\/loginwp\/wp-content\/uploads\/2023\/06\/Phone-225x300.png 225w, https:\/\/casaderetiroelmirador.com\/loginwp\/wp-content\/uploads\/2023\/06\/Phone.png 389w\" sizes=\"(max-width: 14px) 100vw, 14px\" \/> (664) 609 1477<\/p>\n<p>C.P. 22680 Tijuana, B.C.[\/vc_column_text][vc_gallery interval=&#8221;3&#8243; images=&#8221;729,731,732,733,734,735,736,737,738,739,742,745,746,747,749,750,751,752,754&#8243; img_size=&#8221;full&#8221; onclick=&#8221;&#8221;][vc_column_text]<\/p>\n<h2>Contact us!<\/h2>\n<p>[\/vc_column_text][\/vc_column][\/vc_row][vc_row][vc_column][vc_gmaps link=&#8221;#E-8_JTNDaWZyYW1lJTIwc3JjJTNEJTIyaHR0cHMlM0ElMkYlMkZ3d3cuZ29vZ2xlLmNvbSUyRm1hcHMlMkZlbWJlZCUzRnBiJTNEJTIxMW0xOCUyMTFtMTIlMjExbTMlMjExZDE2ODMuMTk1MjE3MDQxNjczJTIxMmQtMTE2LjkzMjU5MDY0MjAzMiUyMTNkMzIuNDYyMjQ3MjU4MzY5ODE0JTIxMm0zJTIxMWYwJTIxMmYwJTIxM2YwJTIxM20yJTIxMWkxMDI0JTIxMmk3NjglMjE0ZjEzLjElMjEzbTMlMjExbTIlMjExczB4ODBkOTM5MGYyNTM1N2MxNyUyNTNBMHg5ODU4NGFhNTUzNjI2NDUwJTIxMnNFc3RhbmNpYSUyQmxvcyUyQkFidWVsb3MlMkJBLkMuJTIxNWUwJTIxM20yJTIxMXNlcy00MTklMjEyc214JTIxNHYxNTI4NzQ0OTMyNzc3JTIyJTIwd2lkdGglM0QlMjI2MDAlMjIlMjBoZWlnaHQlM0QlMjI0NTAlMjIlMjBmcmFtZWJvcmRlciUzRCUyMjAlMjIlMjBzdHlsZSUzRCUyMmJvcmRlciUzQTAlMjIlMjBhbGxvd2Z1bGxzY3JlZW4lM0UlM0MlMkZpZnJhbWUlM0U=&#8221;][\/vc_column][\/vc_row]<\/p>\n<\/div>","protected":false},"excerpt":{"rendered":"<p>[vc_row full_width=&#8221;1&#8243; full_height=&#8221;0&#8243; particles=&#8221;0&#8243; css=&#8221;.vc_custom_1655244713039{padding-bottom: 0px !important;background-color: #efefef !important;}&#8221;][vc_column heading_align=&#8221;text-justify&#8221; align=&#8221;text-justify&#8221;][vc_column_text]La estancia Los Abuelos surge de la necesidad de un espacio alterno para las familias que requieren del cuidado integral [&hellip;]<\/p>\n","protected":false},"author":1,"featured_media":0,"parent":841,"menu_order":0,"comment_status":"closed","ping_status":"closed","template":"","meta":{"footnotes":""},"class_list":["post-847","page","type-page","status-publish","hentry"],"_links":{"self":[{"href":"https:\/\/casaderetiroelmirador.com\/loginwp\/wp-json\/wp\/v2\/pages\/847","targetHints":{"allow":["GET"]}}],"collection":[{"href":"https:\/\/casaderetiroelmirador.com\/loginwp\/wp-json\/wp\/v2\/pages"}],"about":[{"href":"https:\/\/casaderetiroelmirador.com\/loginwp\/wp-json\/wp\/v2\/types\/page"}],"author":[{"embeddable":true,"href":"https:\/\/casaderetiroelmirador.com\/loginwp\/wp-json\/wp\/v2\/users\/1"}],"replies":[{"embeddable":true,"href":"https:\/\/casaderetiroelmirador.com\/loginwp\/wp-json\/wp\/v2\/comments?post=847"}],"version-history":[{"count":0,"href":"https:\/\/casaderetiroelmirador.com\/loginwp\/wp-json\/wp\/v2\/pages\/847\/revisions"}],"up":[{"embeddable":true,"href":"https:\/\/casaderetiroelmirador.com\/loginwp\/wp-json\/wp\/v2\/pages\/841"}],"wp:attachment":[{"href":"https:\/\/casaderetiroelmirador.com\/loginwp\/wp-json\/wp\/v2\/media?parent=847"}],"curies":[{"name":"wp","href":"https:\/\/api.w.org\/{rel}","templated":true}]}}