{"id":841,"date":"2018-06-12T15:40:56","date_gmt":"2018-06-12T15:40:56","guid":{"rendered":"https:\/\/casaderetiroelmirador.com\/loginwp\/?page_id=841"},"modified":"2024-02-20T21:37:10","modified_gmt":"2024-02-20T21:37:10","slug":"es","status":"publish","type":"page","link":"https:\/\/casaderetiroelmirador.com\/loginwp\/es\/","title":{"rendered":"Inicio"},"content":{"rendered":"<div class=\"wpb-content-wrapper\"><p>[vc_row full_width=&#8221;0&#8243; full_height=&#8221;0&#8243; row_padding=&#8221;no_padding&#8221; cols_padding=&#8221;no_cols_padding&#8221; elevate=&#8221;elevate&#8221; background=&#8221;transparent&#8221; el_class=&#8221;folded_section&#8221;][vc_column width=&#8221;1\/4&#8243; color_set=&#8221;dark_section&#8221; background=&#8221;transparent&#8221; offset=&#8221;vc_col-xs-6&#8243;][plethora_teaserbox title=&#8221;Supervisi\u00f3n medica constante&#8221; subtitle=&#8221;24 horas&#8221; teaser_link=&#8221;url:https%3A%2F%2Fcasaderetiroelmirador.com%2Floginwp%2Fes%2Fnuestros-servicios%2F|||&#8221; boxed_styling=&#8221;boxed&#8221; image=&#8221;165&#8243; media_colorset=&#8221;transparent&#8221; text_colorset=&#8221;transparent&#8221; button_style=&#8221;btn-secondary&#8221; same_height=&#8221;same_height_col&#8221;][\/plethora_teaserbox][\/vc_column][vc_column width=&#8221;1\/4&#8243; color_set=&#8221;skincolored_section&#8221; background=&#8221;transparent&#8221; offset=&#8221;vc_col-xs-6&#8243;][plethora_teaserbox title=&#8221;Fisioterapia&#8221; subtitle=&#8221;y masajes&#8221; teaser_link=&#8221;url:https%3A%2F%2Fcasaderetiroelmirador.com%2Floginwp%2Fes%2Fnuestros-servicios%2F|||&#8221; boxed_styling=&#8221;boxed&#8221; image=&#8221;163&#8243; media_colorset=&#8221;transparent&#8221; text_colorset=&#8221;transparent&#8221; button_style=&#8221;btn-secondary&#8221; same_height=&#8221;same_height_col&#8221;][\/plethora_teaserbox][\/vc_column][vc_column width=&#8221;1\/4&#8243; color_set=&#8221;dark_section&#8221; offset=&#8221;vc_col-xs-6&#8243;][plethora_teaserbox title=&#8221;Terapia ocupacional&#8221; subtitle=&#8221;Dibujo, pintura, lectura, juegos de mesa&#8221; teaser_link=&#8221;url:https%3A%2F%2Fcasaderetiroelmirador.com%2Floginwp%2Fes%2Fnuestros-servicios%2F|||&#8221; boxed_styling=&#8221;boxed&#8221; image=&#8221;167&#8243; media_colorset=&#8221;transparent&#8221; text_colorset=&#8221;transparent&#8221; button_style=&#8221;btn-secondary&#8221; same_height=&#8221;same_height_col&#8221;][\/plethora_teaserbox][\/vc_column][vc_column width=&#8221;1\/4&#8243; color_set=&#8221;skincolored_section&#8221; background=&#8221;transparent&#8221; offset=&#8221;vc_col-xs-6&#8243;][plethora_teaserbox title=&#8221;Oraci\u00f3n y comuni\u00f3n cat\u00f3lica&#8221; subtitle=&#8221;y comuni\u00f3n cat\u00f3lica&#8221; teaser_link=&#8221;url:https%3A%2F%2Fcasaderetiroelmirador.com%2Floginwp%2Fes%2Fnuestros-servicios%2F|||&#8221; boxed_styling=&#8221;boxed&#8221; image=&#8221;169&#8243; media_colorset=&#8221;transparent&#8221; text_colorset=&#8221;transparent&#8221; button_style=&#8221;btn-secondary&#8221; same_height=&#8221;same_height_col&#8221;][\/plethora_teaserbox][\/vc_column][\/vc_row][vc_row full_width=&#8221;0&#8243; full_height=&#8221;0&#8243; row_padding=&#8221;no_top_padding&#8221; sep_bottom=&#8221;separator_bottom sep_angled_positive_bottom&#8221; particles=&#8221;0&#8243;][vc_column heading_align=&#8221;text-justify&#8221;][vc_row_inner][vc_column_inner width=&#8221;2\/3&#8243;][plethora_headinggroup subtitle=&#8221;consideramos un honor y privilegio cuando su ser querido es confiado bajo nuestro cuidado y pasa a formar parte de nuestra familia.&#8221; align=&#8221;text-left&#8221;]<\/p>\n<h1><strong>En\u00a0<em>Casa de Retiro El Mirador<\/em><\/strong><\/h1>\n<p>[\/plethora_headinggroup][vc_video link=&#8221;https:\/\/www.youtube.com\/watch?v=ojsOEGFz6jU&#8221; el_aspect=&#8221;43&#8243;][vc_video link=&#8221;https:\/\/www.youtube.com\/watch?v=IliP7ZhoQmk&#8221; el_aspect=&#8221;43&#8243;][vc_column_text]Nos enorgullece el alto nivel de cuidado que brindamos a nuestros residentes y los esfuerzos que realizamos por mejorarlos d\u00eda a d\u00eda. Nuestro personal interdisciplinario altamente calificado, trabaja bajo los m\u00e1s altos est\u00e1ndares de calidad en el cuidado del adulto mayor, atendiendo con compasi\u00f3n a nuestros residentes para asegurar su seguridad, bienestar y calidad de vida. Para personas con discapacidades mentales y riesgo de perderse, ofrecemos personal entrenado y supervisi\u00f3n constante en un ambiente de hogar.[\/vc_column_text][vc_text_separator title=&#8221;Nuestra misi\u00f3n&#8221; title_align=&#8221;separator_align_left&#8221; align=&#8221;align_right&#8221; color=&#8221;black&#8221;][vc_column_text]Educar, transformar y celebrar la longevidad con respeto, amor y dignidad humana. Nuestro compromiso es proporcionar \u201ccuidado centrado en el cliente\u201d con base en el apoyo, trabajo en equipo y responsabilidad social.[\/vc_column_text][vc_empty_space height=&#8221;16px&#8221;][\/vc_column_inner][vc_column_inner width=&#8221;1\/3&#8243;][vc_column_text]<\/p>\n<h2><strong>\u00a1Cont\u00e1ctenos!<\/strong><\/h2>\n<p>[\/vc_column_text][vc_raw_html el_class=&#8221;cont-form-style&#8221;]JTVCY29udGFjdC1mb3JtLTclMjBpZCUzRCUyMjVlNmQxMTIlMjIlMjB0aXRsZSUzRCUyMmZ1cm11bGFyaW8lMjBkZSUyMGNvbnRhY3RvJTIyJTVE[\/vc_raw_html][\/vc_column_inner][\/vc_row_inner][\/vc_column][\/vc_row]<\/p>\n<\/div>","protected":false},"excerpt":{"rendered":"<p>[vc_row full_width=&#8221;0&#8243; full_height=&#8221;0&#8243; row_padding=&#8221;no_padding&#8221; cols_padding=&#8221;no_cols_padding&#8221; elevate=&#8221;elevate&#8221; background=&#8221;transparent&#8221; el_class=&#8221;folded_section&#8221;][vc_column width=&#8221;1\/4&#8243; color_set=&#8221;dark_section&#8221; background=&#8221;transparent&#8221; offset=&#8221;vc_col-xs-6&#8243;][plethora_teaserbox title=&#8221;Supervisi\u00f3n medica constante&#8221; subtitle=&#8221;24 horas&#8221; teaser_link=&#8221;url:https%3A%2F%2Fcasaderetiroelmirador.com%2Floginwp%2Fes%2Fnuestros-servicios%2F|||&#8221; boxed_styling=&#8221;boxed&#8221; image=&#8221;165&#8243; media_colorset=&#8221;transparent&#8221; text_colorset=&#8221;transparent&#8221; button_style=&#8221;btn-secondary&#8221; same_height=&#8221;same_height_col&#8221;][\/plethora_teaserbox][\/vc_column][vc_column width=&#8221;1\/4&#8243; color_set=&#8221;skincolored_section&#8221; background=&#8221;transparent&#8221; offset=&#8221;vc_col-xs-6&#8243;][plethora_teaserbox title=&#8221;Fisioterapia&#8221; subtitle=&#8221;y [&hellip;]<\/p>\n","protected":false},"author":1,"featured_media":0,"parent":0,"menu_order":0,"comment_status":"closed","ping_status":"closed","template":"","meta":{"footnotes":""},"class_list":["post-841","page","type-page","status-publish","hentry"],"_links":{"self":[{"href":"https:\/\/casaderetiroelmirador.com\/loginwp\/wp-json\/wp\/v2\/pages\/841","targetHints":{"allow":["GET"]}}],"collection":[{"href":"https:\/\/casaderetiroelmirador.com\/loginwp\/wp-json\/wp\/v2\/pages"}],"about":[{"href":"https:\/\/casaderetiroelmirador.com\/loginwp\/wp-json\/wp\/v2\/types\/page"}],"author":[{"embeddable":true,"href":"https:\/\/casaderetiroelmirador.com\/loginwp\/wp-json\/wp\/v2\/users\/1"}],"replies":[{"embeddable":true,"href":"https:\/\/casaderetiroelmirador.com\/loginwp\/wp-json\/wp\/v2\/comments?post=841"}],"version-history":[{"count":0,"href":"https:\/\/casaderetiroelmirador.com\/loginwp\/wp-json\/wp\/v2\/pages\/841\/revisions"}],"wp:attachment":[{"href":"https:\/\/casaderetiroelmirador.com\/loginwp\/wp-json\/wp\/v2\/media?parent=841"}],"curies":[{"name":"wp","href":"https:\/\/api.w.org\/{rel}","templated":true}]}}