{"id":1332,"date":"2019-07-08T19:47:40","date_gmt":"2019-07-08T19:47:40","guid":{"rendered":"https:\/\/casaderetiroelmirador.com\/loginwp\/?page_id=1332"},"modified":"2023-05-09T07:22:26","modified_gmt":"2023-05-09T07:22:26","slug":"monitoreo-en-video-para-su-tranquilidad","status":"publish","type":"page","link":"https:\/\/casaderetiroelmirador.com\/loginwp\/es\/nuestros-servicios\/monitoreo-en-video-para-su-tranquilidad\/","title":{"rendered":"Monitoreo en video para su tranquilidad"},"content":{"rendered":"<div class=\"wpb-content-wrapper\"><p>[vc_row][vc_column][vc_column_text]<span style=\"font-weight: 400;\">Muchas de las preocupaciones de los familiares al dejar al cuidado de su familiar mayor en una estancia es la seguridad que se les proporciona, por eso en Casa de Retiro El Mirador implementamos el uso de c\u00e1maras de vigilancia para monitorear en cada momento a nuestros residentes. Creemos que la vigilancia y la protecci\u00f3n es uno de nuestros objetivos principales por lo que invertimos mucho tiempo en proveer a nuestros hu\u00e9spedes un sentido de protecci\u00f3n. No s\u00f3lo externamente sino tambi\u00e9n internamente por lo que si llega a pasar un incidente sabremos la causa de este.<\/span><\/p>\n<p><span style=\"font-weight: 400;\">La seguridad no tiene que ser tomada como algo sin importancia, mucho menos en un lugar en donde habitan muchas personas, por eso es preciso catalogar este elemento como uno de los tres m\u00e1s importantes. Algunos de los elementos que se anexan para mejorar la seguridad en\u00a0 nuestra casa son:<\/span><\/p>\n<ul>\n<li style=\"font-weight: 400;\"><span style=\"font-weight: 400;\">Los adultos est\u00e1n acompa\u00f1ados de personas conocidas, principalmente de sus cuidadores para que se sientan seguros.<\/span><\/li>\n<li style=\"font-weight: 400;\"><span style=\"font-weight: 400;\">Se lleva un seguimiento de las personas que los visitan y en caso de una visita nueva, primeramente se consulta a los familiares.<\/span><\/li>\n<li style=\"font-weight: 400;\"><span style=\"font-weight: 400;\">Los m\u00e9dicos, especialistas y todos aquellos que forman parte de nuestra casa han sido previamente investigados, por lo que son personas de confianza.<\/span><\/li>\n<\/ul>\n<p>[\/vc_column_text][vc_single_image image=&#8221;687&#8243; img_size=&#8221;full&#8221; alignment=&#8221;center&#8221;][vc_column_text]<span style=\"font-weight: 400;\">Como se puede ver, el tema de la seguridad es algo de suma importancia para nosotros porque realmente queremos que todos nuestros adultos y familiares se sientan confiados y seguros de que pueden dejar a sus miembros m\u00e1s grandes a nuestro cuidado; pues tratamos de proporcionar en todo momento los mejores servicios en compa\u00f1\u00eda de la seguridad que se merecen nuestros residentes.<\/span><\/p>\n<p><span style=\"font-weight: 400;\">Los familiares de nuestros hu\u00e9spedes pueden informarse acerca de qu\u00e9 m\u00e9todos de seguridad implementamos para que no haya duda de que en verdad estamos comprometidos en la protecci\u00f3n de todos aquellos adultos que forman parte de nuestra estancia, proporcionando los mejores servicios para que todos se sientan c\u00f3modos y seguros.<\/span>[\/vc_column_text][\/vc_column][\/vc_row]<\/p>\n<\/div>","protected":false},"excerpt":{"rendered":"<p>[vc_row][vc_column][vc_column_text]Muchas de las preocupaciones de los familiares al dejar al cuidado de su familiar mayor en una estancia es la seguridad que se les proporciona, por eso en Casa de [&hellip;]<\/p>\n","protected":false},"author":1,"featured_media":687,"parent":853,"menu_order":0,"comment_status":"closed","ping_status":"closed","template":"","meta":{"footnotes":""},"class_list":["post-1332","page","type-page","status-publish","has-post-thumbnail","hentry"],"_links":{"self":[{"href":"https:\/\/casaderetiroelmirador.com\/loginwp\/wp-json\/wp\/v2\/pages\/1332","targetHints":{"allow":["GET"]}}],"collection":[{"href":"https:\/\/casaderetiroelmirador.com\/loginwp\/wp-json\/wp\/v2\/pages"}],"about":[{"href":"https:\/\/casaderetiroelmirador.com\/loginwp\/wp-json\/wp\/v2\/types\/page"}],"author":[{"embeddable":true,"href":"https:\/\/casaderetiroelmirador.com\/loginwp\/wp-json\/wp\/v2\/users\/1"}],"replies":[{"embeddable":true,"href":"https:\/\/casaderetiroelmirador.com\/loginwp\/wp-json\/wp\/v2\/comments?post=1332"}],"version-history":[{"count":0,"href":"https:\/\/casaderetiroelmirador.com\/loginwp\/wp-json\/wp\/v2\/pages\/1332\/revisions"}],"up":[{"embeddable":true,"href":"https:\/\/casaderetiroelmirador.com\/loginwp\/wp-json\/wp\/v2\/pages\/853"}],"wp:featuredmedia":[{"embeddable":true,"href":"https:\/\/casaderetiroelmirador.com\/loginwp\/wp-json\/wp\/v2\/media\/687"}],"wp:attachment":[{"href":"https:\/\/casaderetiroelmirador.com\/loginwp\/wp-json\/wp\/v2\/media?parent=1332"}],"curies":[{"name":"wp","href":"https:\/\/api.w.org\/{rel}","templated":true}]}}