{"id":1328,"date":"2019-07-08T19:34:41","date_gmt":"2019-07-08T19:34:41","guid":{"rendered":"https:\/\/casaderetiroelmirador.com\/loginwp\/?page_id=1328"},"modified":"2023-05-08T19:28:27","modified_gmt":"2023-05-08T19:28:27","slug":"festejo-de-cumpleanos","status":"publish","type":"page","link":"https:\/\/casaderetiroelmirador.com\/loginwp\/es\/nuestros-servicios\/festejo-de-cumpleanos\/","title":{"rendered":"Festejo de cumplea\u00f1os de nuestros residentes"},"content":{"rendered":"<div class=\"wpb-content-wrapper\"><p>[vc_row][vc_column width=&#8221;1\/2&#8243;][vc_column_text]<span style=\"font-weight: 400;\">No hay nada m\u00e1s emocionante que celebrar fechas importantes y m\u00e1s cuando se cumple un a\u00f1o m\u00e1s de vida, es por esto que en Casa de Retiro El Mirador festejamos los cumplea\u00f1os de cada uno de nuestros hu\u00e9spedes; y les proporcionamos momentos inolvidables en compa\u00f1\u00eda del personal, de sus amistades de la casa y de sus familiares. Aunque puede ser un acto muy sencillo, tratamos de brindarles a nuestros adultos mayores alegr\u00eda y energ\u00eda positiva para que se sientan parte de nuestra casa. Realizar estos peque\u00f1os actos mejora el estado de \u00e1nimo de la persona que cumple a\u00f1os y de todos los que le rodean. Adem\u00e1s de motivar la autoestima del adulto mayor.<\/span><\/p>\n<p><span style=\"font-weight: 400;\">Todo el personal de la casa colabora para ofrecerle a nuestros residentes un momento agradable en donde se trata de proporcionarles aquellas cosas que les gusta, como lo puede ser la m\u00fasica o la comida; para poder lograr esto, se contacta a los familiares para conocer m\u00e1s a detalle los gustos que tiene la persona. Se trata de un momento de felicidad por lo que tratamos de evitar todo aquello que le pueda provocar nostalgia o sentimientos de tristeza a la persona; se pueden hacer actividades divertidas que ayuden a fortalecer los lazos sociales y familiares del adulto.<\/span>[\/vc_column_text][vc_empty_space height=&#8221;40px&#8221;][vc_single_image image=&#8221;1325&#8243; img_size=&#8221;large&#8221;][\/vc_column][vc_column width=&#8221;1\/2&#8243;][vc_single_image image=&#8221;1326&#8243; img_size=&#8221;large&#8221;][vc_column_text]<span style=\"font-weight: 400;\">Es importante que el adulto mayor est\u00e9 acompa\u00f1ado de personas que quiere y con los que sienta un lazo especial para que disfrute m\u00e1s su cumplea\u00f1os. Lo que tratamos de evitar es que en ese d\u00eda tan especial para \u00e9l se sienta solo porque sabemos que la soledad puede traer consigo muchos problemas que afectan de manera significativa a la persona, puede tener da\u00f1os en su salud y esto puede ocasionar algunos trastornos emocionales, y todo por no sentirse especial.<\/span><\/p>\n<p><span style=\"font-weight: 400;\">Por eso nuestra casa ofrece una ceremonia peque\u00f1a en donde se celebra el cumplea\u00f1os del individuo en compa\u00f1\u00eda de todos, demostr\u00e1ndole que es una persona especial para nosotros.<\/span><\/p>\n<p>[\/vc_column_text][\/vc_column][\/vc_row]<\/p>\n<\/div>","protected":false},"excerpt":{"rendered":"<p>[vc_row][vc_column width=&#8221;1\/2&#8243;][vc_column_text]No hay nada m\u00e1s emocionante que celebrar fechas importantes y m\u00e1s cuando se cumple un a\u00f1o m\u00e1s de vida, es por esto que en Casa de Retiro El Mirador [&hellip;]<\/p>\n","protected":false},"author":1,"featured_media":1945,"parent":853,"menu_order":0,"comment_status":"closed","ping_status":"closed","template":"","meta":{"footnotes":""},"class_list":["post-1328","page","type-page","status-publish","has-post-thumbnail","hentry"],"_links":{"self":[{"href":"https:\/\/casaderetiroelmirador.com\/loginwp\/wp-json\/wp\/v2\/pages\/1328","targetHints":{"allow":["GET"]}}],"collection":[{"href":"https:\/\/casaderetiroelmirador.com\/loginwp\/wp-json\/wp\/v2\/pages"}],"about":[{"href":"https:\/\/casaderetiroelmirador.com\/loginwp\/wp-json\/wp\/v2\/types\/page"}],"author":[{"embeddable":true,"href":"https:\/\/casaderetiroelmirador.com\/loginwp\/wp-json\/wp\/v2\/users\/1"}],"replies":[{"embeddable":true,"href":"https:\/\/casaderetiroelmirador.com\/loginwp\/wp-json\/wp\/v2\/comments?post=1328"}],"version-history":[{"count":0,"href":"https:\/\/casaderetiroelmirador.com\/loginwp\/wp-json\/wp\/v2\/pages\/1328\/revisions"}],"up":[{"embeddable":true,"href":"https:\/\/casaderetiroelmirador.com\/loginwp\/wp-json\/wp\/v2\/pages\/853"}],"wp:featuredmedia":[{"embeddable":true,"href":"https:\/\/casaderetiroelmirador.com\/loginwp\/wp-json\/wp\/v2\/media\/1945"}],"wp:attachment":[{"href":"https:\/\/casaderetiroelmirador.com\/loginwp\/wp-json\/wp\/v2\/media?parent=1328"}],"curies":[{"name":"wp","href":"https:\/\/api.w.org\/{rel}","templated":true}]}}