{"id":1322,"date":"2019-07-08T19:10:23","date_gmt":"2019-07-08T19:10:23","guid":{"rendered":"https:\/\/casaderetiroelmirador.com\/loginwp\/?page_id=1322"},"modified":"2023-05-08T19:27:29","modified_gmt":"2023-05-08T19:27:29","slug":"oracion-y-comunion-catolica","status":"publish","type":"page","link":"https:\/\/casaderetiroelmirador.com\/loginwp\/es\/nuestros-servicios\/oracion-y-comunion-catolica\/","title":{"rendered":"Oraci\u00f3n y Comuni\u00f3n Cat\u00f3lica"},"content":{"rendered":"<div class=\"wpb-content-wrapper\"><p>[vc_row][vc_column width=&#8221;1\/2&#8243;][vc_column_text]<span style=\"font-weight: 400;\">Casa de Retiro El Mirador es un espacio en donde no s\u00f3lo nos preocupamos por atender las cuestiones f\u00edsicas de nuestros residentes sino que tambi\u00e9n procuramos satisfacer las necesidades espirituales de todas las personas que forman parte de nuestra casa. Debido a que M\u00e9xico es un pa\u00eds religioso, sabemos que las personas mayores crecieron con una educaci\u00f3n en la religi\u00f3n cat\u00f3lica la cual, con el paso de los a\u00f1os, se ha ido fortaleciendo, encontrando en su fe cierta paz y confort que los motiva a seguir adelante; por eso tratamos de satisfacer esa necesidad de la fe con el apoyo de pastores cat\u00f3licos.<\/span><\/p>\n<p><span style=\"font-weight: 400;\">Conforme una persona va envejeciendo, encuentra en la religi\u00f3n un lugar en donde puede reflexionar y crear un sentido de coherencia en su vida; pr\u00e1cticamente un refugio en donde el adulto mayor puede canalizar sus miedos, intrigas y preocupaciones acerca del futuro. El hecho de que el adulto mayor tenga una religi\u00f3n le permite concentrar sus malestares en un ente al cual le tiene confianza por lo que tiene cambios positivos en las personas.<\/span>[\/vc_column_text][vc_empty_space height=&#8221;40px&#8221;][vc_single_image image=&#8221;1319&#8243; img_size=&#8221;large&#8221;][\/vc_column][vc_column width=&#8221;1\/2&#8243;][vc_single_image image=&#8221;1318&#8243; img_size=&#8221;large&#8221;][vc_column_text]<span style=\"font-weight: 400;\">Algunos de los cambios positivos que se presentan en las personas mayores son:\u00a0<\/span><\/p>\n<ul>\n<li style=\"font-weight: 400;\"><span style=\"font-weight: 400;\">Actitudes positivas acerca de su vida y su enfermedad.<\/span><\/li>\n<li style=\"font-weight: 400;\"><span style=\"font-weight: 400;\">Sentido de apoyo y motivaci\u00f3n por parte de la fe para seguir mejorando.<\/span><\/li>\n<li style=\"font-weight: 400;\"><span style=\"font-weight: 400;\">Sentirse parte de una comunidad en la que comparten gustos similares.<\/span><\/li>\n<\/ul>\n<p><span style=\"font-weight: 400;\">Conocer las rutinas de las personas adultas respecto a su religi\u00f3n nos permite entender muchos aspectos de su vida. En muchos casos, cuando una persona tiene una fe muy fortificada, esta le permite aceptar su enfermedad y los procesos que conlleva la vejez, al igual que comprender que es un proceso m\u00e1s de la vida. Y se ha comprobado que los adultos que alimentan constantemente su fe tienden a tener mejores h\u00e1bitos en su salud, por lo que hay menor riesgo de que puedan enfermarse y as\u00ed mejorar su calidad de vida.<\/span><\/p>\n<p><span style=\"font-weight: 400;\">Como la religi\u00f3n es parte importante de nuestros residentes, en Casa de Retiro El Mirador les ofrecemos el apoyo de la comunidad cat\u00f3lica para desahogar las inseguridades o temores que tienen y as\u00ed fortalecer y motivar la fe de las personas que forman parte de nuestra casa.<\/span>[\/vc_column_text][\/vc_column][\/vc_row]<\/p>\n<\/div>","protected":false},"excerpt":{"rendered":"<p>[vc_row][vc_column width=&#8221;1\/2&#8243;][vc_column_text]Casa de Retiro El Mirador es un espacio en donde no s\u00f3lo nos preocupamos por atender las cuestiones f\u00edsicas de nuestros residentes sino que tambi\u00e9n procuramos satisfacer las necesidades [&hellip;]<\/p>\n","protected":false},"author":1,"featured_media":1939,"parent":853,"menu_order":0,"comment_status":"closed","ping_status":"closed","template":"","meta":{"footnotes":""},"class_list":["post-1322","page","type-page","status-publish","has-post-thumbnail","hentry"],"_links":{"self":[{"href":"https:\/\/casaderetiroelmirador.com\/loginwp\/wp-json\/wp\/v2\/pages\/1322","targetHints":{"allow":["GET"]}}],"collection":[{"href":"https:\/\/casaderetiroelmirador.com\/loginwp\/wp-json\/wp\/v2\/pages"}],"about":[{"href":"https:\/\/casaderetiroelmirador.com\/loginwp\/wp-json\/wp\/v2\/types\/page"}],"author":[{"embeddable":true,"href":"https:\/\/casaderetiroelmirador.com\/loginwp\/wp-json\/wp\/v2\/users\/1"}],"replies":[{"embeddable":true,"href":"https:\/\/casaderetiroelmirador.com\/loginwp\/wp-json\/wp\/v2\/comments?post=1322"}],"version-history":[{"count":0,"href":"https:\/\/casaderetiroelmirador.com\/loginwp\/wp-json\/wp\/v2\/pages\/1322\/revisions"}],"up":[{"embeddable":true,"href":"https:\/\/casaderetiroelmirador.com\/loginwp\/wp-json\/wp\/v2\/pages\/853"}],"wp:featuredmedia":[{"embeddable":true,"href":"https:\/\/casaderetiroelmirador.com\/loginwp\/wp-json\/wp\/v2\/media\/1939"}],"wp:attachment":[{"href":"https:\/\/casaderetiroelmirador.com\/loginwp\/wp-json\/wp\/v2\/media?parent=1322"}],"curies":[{"name":"wp","href":"https:\/\/api.w.org\/{rel}","templated":true}]}}