{"id":1315,"date":"2019-07-08T18:51:17","date_gmt":"2019-07-08T18:51:17","guid":{"rendered":"https:\/\/casaderetiroelmirador.com\/loginwp\/?page_id=1315"},"modified":"2023-05-08T19:27:55","modified_gmt":"2023-05-08T19:27:55","slug":"visitas-las-24-horas","status":"publish","type":"page","link":"https:\/\/casaderetiroelmirador.com\/loginwp\/es\/nuestros-servicios\/visitas-las-24-horas\/","title":{"rendered":"Visitas las 24 horas, los 7 d\u00edas de la semana"},"content":{"rendered":"<div class=\"wpb-content-wrapper\"><p>[vc_row][vc_column width=&#8221;1\/2&#8243;][vc_column_text]<span style=\"font-weight: 400;\">Sabemos la importancia que tiene para los familiares de las personas mayores estar al pendiente de ellos, sin embargo muchas veces sus horarios no les permiten cuidarlos de la manera en la que les gustar\u00eda y es precisamente por este motivo que emprenden la b\u00fasqueda de una casa de retiro donde puedan hacerse cargo de su ser querido tal y como a ellos les gustar\u00eda a hacerlo, pues saben que se merecen el mejor cuidado y atenci\u00f3n posible, sin embargo es totalmente comprensible que hacerlo ellos mismos no sea posible y de hecho la mejor decisi\u00f3n es buscar un lugar donde puedan hacerlo, esta es la prueba m\u00e1s grande de cari\u00f1o y preocupaci\u00f3n.\u00a0<\/span>[\/vc_column_text][vc_empty_space height=&#8221;40px&#8221;][vc_single_image image=&#8221;1313&#8243; img_size=&#8221;large&#8221;][\/vc_column][vc_column width=&#8221;1\/2&#8243;][vc_single_image image=&#8221;1312&#8243; img_size=&#8221;large&#8221;][vc_column_text]<span style=\"font-weight: 400;\">Tener la seguridad de que nuestros seres queridos est\u00e1n siendo atendidos de la mejor manera crea un sentimiento de tranquilidad y esto no significa que nos estemos desobligando de ellos, totalmente lo contrario. Y tal y como ya se mencion\u00f3, regularmente las personas que buscan casas de retiro para sus adultos mayores, lo hacen porque cuentan con horarios muy apretados que no les permiten prestar los cuidados y atenciones necesarias a estos, y por el mismo motivo de que tienen horarios muy apretados, algo que les preocupa mucho son los horarios de visita, para poder ajustarse a ellos y mantener la relaci\u00f3n y contacto constante con su familiar, mientras este sigue siendo atendido de la mejor manera posible.\u00a0<\/span><\/p>\n<p><span style=\"font-weight: 400;\">En Casa de Retiro El Mirador siempre estamos en busca de brindar todas las facilidades posible que puedan proporcionar comodidad y felicidad tanto a nuestros residentes como a sus familiares, por eso contamos con la facilidad de que puedan realizar sus visitas a nuestros residentes en el horario que deseen el d\u00eda que lo deseen. Permitimos visitas las 24 horas los 7 d\u00edas de la semana con la \u00fanica intenci\u00f3n de quitar otra preocupaci\u00f3n de encima a los familiares de nuestros residentes, para que no tengan que mortificarse por ajustar sus horarios para poder realizar sus visitas y para as\u00ed facilitarles realizarlas y que no se pierda el v\u00ednculo ni el contacto con el adulto mayor, pues esto tambi\u00e9n es muy importante para su bienestar.\u00a0<\/span>[\/vc_column_text][\/vc_column][\/vc_row]<\/p>\n<\/div>","protected":false},"excerpt":{"rendered":"<p>[vc_row][vc_column width=&#8221;1\/2&#8243;][vc_column_text]Sabemos la importancia que tiene para los familiares de las personas mayores estar al pendiente de ellos, sin embargo muchas veces sus horarios no les permiten cuidarlos de la [&hellip;]<\/p>\n","protected":false},"author":1,"featured_media":1955,"parent":853,"menu_order":0,"comment_status":"closed","ping_status":"closed","template":"","meta":{"footnotes":""},"class_list":["post-1315","page","type-page","status-publish","has-post-thumbnail","hentry"],"_links":{"self":[{"href":"https:\/\/casaderetiroelmirador.com\/loginwp\/wp-json\/wp\/v2\/pages\/1315","targetHints":{"allow":["GET"]}}],"collection":[{"href":"https:\/\/casaderetiroelmirador.com\/loginwp\/wp-json\/wp\/v2\/pages"}],"about":[{"href":"https:\/\/casaderetiroelmirador.com\/loginwp\/wp-json\/wp\/v2\/types\/page"}],"author":[{"embeddable":true,"href":"https:\/\/casaderetiroelmirador.com\/loginwp\/wp-json\/wp\/v2\/users\/1"}],"replies":[{"embeddable":true,"href":"https:\/\/casaderetiroelmirador.com\/loginwp\/wp-json\/wp\/v2\/comments?post=1315"}],"version-history":[{"count":0,"href":"https:\/\/casaderetiroelmirador.com\/loginwp\/wp-json\/wp\/v2\/pages\/1315\/revisions"}],"up":[{"embeddable":true,"href":"https:\/\/casaderetiroelmirador.com\/loginwp\/wp-json\/wp\/v2\/pages\/853"}],"wp:featuredmedia":[{"embeddable":true,"href":"https:\/\/casaderetiroelmirador.com\/loginwp\/wp-json\/wp\/v2\/media\/1955"}],"wp:attachment":[{"href":"https:\/\/casaderetiroelmirador.com\/loginwp\/wp-json\/wp\/v2\/media?parent=1315"}],"curies":[{"name":"wp","href":"https:\/\/api.w.org\/{rel}","templated":true}]}}