{"id":1308,"date":"2019-07-08T17:29:24","date_gmt":"2019-07-08T17:29:24","guid":{"rendered":"https:\/\/casaderetiroelmirador.com\/loginwp\/?page_id=1308"},"modified":"2023-05-08T19:25:45","modified_gmt":"2023-05-08T19:25:45","slug":"corte-de-cabello-mensual","status":"publish","type":"page","link":"https:\/\/casaderetiroelmirador.com\/loginwp\/es\/nuestros-servicios\/corte-de-cabello-mensual\/","title":{"rendered":"Corte de cabello mensual"},"content":{"rendered":"<div class=\"wpb-content-wrapper\"><p>[vc_row][vc_column width=&#8221;1\/2&#8243;][vc_column_text]<span style=\"font-weight: 400;\">La higiene personal es algo que siempre se tiene que cuidar siempre, sin embargo a medida que las personas se van haciendo mayores va siendo m\u00e1s dif\u00edcil para ellos poder realizar tareas cotidianas simples, incluyendo aquellas mediante las cuales se encargan de mantenerse aseados, por este motivo es muy com\u00fan que si una persona mayor no cuenta con alguien que est\u00e9 al pendiente de sus necesidades, empiece a descuidarse, deja crecer sus u\u00f1as, su barba, su cabello, olvida ba\u00f1arse, lavarse los dientes y esto termina repercutiendo en su salud.\u00a0<\/span><\/p>\n<p><span style=\"font-weight: 400;\">Uno de los problemas de salud que pueden presentarse por falta de higiene en personas mayores son las \u00falceras, que son una especie de llagas en la piel a causa de la muerte de piel en el \u00e1rea donde esta aparece. Estas son causadas por una mala higiene junto con otros factores tales como la falta de movilidad en el cuerpo, sin embargo que una persona que no tiene buena higiene es m\u00e1s propenso a tener este tipo de problemas, adem\u00e1s de que una buena higiene puede ayudar a la detecci\u00f3n precoz de problemas en la piel. Este tipo de problemas tambi\u00e9n se pueden presentar con una mala higiene dental.\u00a0<\/span>[\/vc_column_text][vc_empty_space height=&#8221;30px&#8221;][vc_single_image image=&#8221;1306&#8243; img_size=&#8221;large&#8221;][\/vc_column][vc_column width=&#8221;1\/2&#8243;][vc_single_image image=&#8221;1305&#8243; img_size=&#8221;large&#8221;][vc_column_text]<span style=\"font-weight: 400;\">Por otro lado se puede pensar que no cortarse el cabello y las u\u00f1as afecta \u00fanicamente la imagen de la persona, sin embargo no es as\u00ed. Las u\u00f1as largas suelen acumular mugre, provocando que se formen bacterias en estas, las cuales despu\u00e9s pueden repercutir en la salud de la persona, tambi\u00e9n tener las u\u00f1as largas puede provocar que haya m\u00e1s riesgo de lastimarse pues estas pueden rasgu\u00f1ar la piel o incluso encajarse en ella con un movimiento brusco. El cabello largo adem\u00e1s de afectar la imagen personal de la persona tambi\u00e9n puede repercutir en su higiene, pues este puede ser m\u00e1s dif\u00edcil de asear y tambi\u00e9n puede llegar a obstruir la vista.\u00a0<\/span><\/p>\n<p><span style=\"font-weight: 400;\">En Casa de Retiro El Mirador nuestra prioridad es la salud de nuestros residentes, y en esta se incluye su higiene personal, por este motivo contamos con el servicio de corte de u\u00f1as de pies y manos una vez al mes, as\u00ed como corte de cabello mensual, para de esta forma asegurarnos de que su higiene personal nunca sea un problema y mucho menos causa de alg\u00fan padecimiento o enfermedad.\u00a0<\/span>[\/vc_column_text][\/vc_column][\/vc_row]<\/p>\n<\/div>","protected":false},"excerpt":{"rendered":"<p>[vc_row][vc_column width=&#8221;1\/2&#8243;][vc_column_text]La higiene personal es algo que siempre se tiene que cuidar siempre, sin embargo a medida que las personas se van haciendo mayores va siendo m\u00e1s dif\u00edcil para ellos [&hellip;]<\/p>\n","protected":false},"author":1,"featured_media":1961,"parent":853,"menu_order":0,"comment_status":"closed","ping_status":"closed","template":"","meta":{"footnotes":""},"class_list":["post-1308","page","type-page","status-publish","has-post-thumbnail","hentry"],"_links":{"self":[{"href":"https:\/\/casaderetiroelmirador.com\/loginwp\/wp-json\/wp\/v2\/pages\/1308","targetHints":{"allow":["GET"]}}],"collection":[{"href":"https:\/\/casaderetiroelmirador.com\/loginwp\/wp-json\/wp\/v2\/pages"}],"about":[{"href":"https:\/\/casaderetiroelmirador.com\/loginwp\/wp-json\/wp\/v2\/types\/page"}],"author":[{"embeddable":true,"href":"https:\/\/casaderetiroelmirador.com\/loginwp\/wp-json\/wp\/v2\/users\/1"}],"replies":[{"embeddable":true,"href":"https:\/\/casaderetiroelmirador.com\/loginwp\/wp-json\/wp\/v2\/comments?post=1308"}],"version-history":[{"count":0,"href":"https:\/\/casaderetiroelmirador.com\/loginwp\/wp-json\/wp\/v2\/pages\/1308\/revisions"}],"up":[{"embeddable":true,"href":"https:\/\/casaderetiroelmirador.com\/loginwp\/wp-json\/wp\/v2\/pages\/853"}],"wp:featuredmedia":[{"embeddable":true,"href":"https:\/\/casaderetiroelmirador.com\/loginwp\/wp-json\/wp\/v2\/media\/1961"}],"wp:attachment":[{"href":"https:\/\/casaderetiroelmirador.com\/loginwp\/wp-json\/wp\/v2\/media?parent=1308"}],"curies":[{"name":"wp","href":"https:\/\/api.w.org\/{rel}","templated":true}]}}