{"id":1301,"date":"2019-07-08T17:15:48","date_gmt":"2019-07-08T17:15:48","guid":{"rendered":"https:\/\/casaderetiroelmirador.com\/loginwp\/?page_id=1301"},"modified":"2023-05-08T19:26:47","modified_gmt":"2023-05-08T19:26:47","slug":"terapia-ocupacional","status":"publish","type":"page","link":"https:\/\/casaderetiroelmirador.com\/loginwp\/es\/nuestros-servicios\/terapia-ocupacional\/","title":{"rendered":"Terapia ocupacional"},"content":{"rendered":"<div class=\"wpb-content-wrapper\"><p>[vc_row][vc_column width=&#8221;1\/2&#8243;][vc_column_text]<span style=\"font-weight: 400;\">Uno de los objetivos que tiene Casa de Retiro El Mirador es ayudar a nuestros residentes a desarrollarse de forma independiente en sus tareas diarias ya que sabemos que en muchas ocasiones este tipo de limitaciones, generadas por deterioros cognitivos, puede hacer que los adultos mayores se sientan menos. Uno de los servicios que ofrecemos dentro de nuestras instalaciones es la terapia ocupacional en donde se eval\u00faa a la persona para adaptarla a ciertas actividades que permitir\u00e1n y facilitar\u00e1n el desarrollo mental y la integraci\u00f3n social.<\/span><\/p>\n<p><span style=\"font-weight: 400;\">Constantemente buscamos nuevas maneras para atender y satisfacer las necesidades de nuestros adultos mayores, porque lo que nosotros queremos es que nuestros hu\u00e9spedes se puedan sentir completos, por eso implementamos los servicios de fisioterapia y terapia ocupacional. Las actividades realizadas en la terapia ocupacional est\u00e1n concentradas en estimular las capacidades f\u00edsicas, emocionales y cognitivas de todas las personas. Esto permite identificar problemas que la persona puede tener y se hace trabajando desde la familia hasta el mismo personal de la casa para que todos est\u00e9n notificados de los progresos que tiene nuestro adulto mayor.<\/span>[\/vc_column_text][vc_empty_space height=&#8221;40px&#8221;][vc_single_image image=&#8221;1299&#8243; img_size=&#8221;large&#8221;][\/vc_column][vc_column width=&#8221;1\/2&#8243;][vc_single_image image=&#8221;1298&#8243; img_size=&#8221;large&#8221;][vc_column_text]<span style=\"font-weight: 400;\">Algunos de los beneficios que podemos destacar de este tipo de terapia en adultos mayores son:<\/span><\/p>\n<ul>\n<li style=\"font-weight: 400;\"><span style=\"font-weight: 400;\">Estimular su f\u00edsico y mentalidad para preparar al residente a desenvolverse en su vida diaria.<\/span><\/li>\n<li style=\"font-weight: 400;\"><span style=\"font-weight: 400;\">Capacitar a las personas a usar ciertas herramientas que facilitan sus tareas diarias.<\/span><\/li>\n<li style=\"font-weight: 400;\"><span style=\"font-weight: 400;\">Preparar a las personas para que tengan sentido de autonom\u00eda.<\/span><\/li>\n<li style=\"font-weight: 400;\"><span style=\"font-weight: 400;\">Ayudar a los adultos mayores a adaptarse a su entorno.<\/span><\/li>\n<li style=\"font-weight: 400;\"><span style=\"font-weight: 400;\">Fortalecer los lazos familiares y sociales.<\/span><\/li>\n<\/ul>\n<p><span style=\"font-weight: 400;\">Con este tipo de beneficios le proporcionamos a nuestros residentes un ambiente en donde pueden explotar todas sus capacidades para de esta forma mejorar su vida en cuanto a lo personal, social y familiar. Esto siempre acompa\u00f1ado de la ayuda y asesoramiento de un especialista que trabaja este tipo de t\u00e9cnica. En Casa de Retiro El Mirador siempre estamos adaptando nuevas t\u00e9cnicas para que nuestros adultos mayores se sientan m\u00e1s c\u00f3modos de su cuerpo y el entorno en el que se desarrolla.<\/span>[\/vc_column_text][\/vc_column][\/vc_row]<\/p>\n<\/div>","protected":false},"excerpt":{"rendered":"<p>[vc_row][vc_column width=&#8221;1\/2&#8243;][vc_column_text]Uno de los objetivos que tiene Casa de Retiro El Mirador es ayudar a nuestros residentes a desarrollarse de forma independiente en sus tareas diarias ya que sabemos que [&hellip;]<\/p>\n","protected":false},"author":1,"featured_media":1941,"parent":853,"menu_order":0,"comment_status":"closed","ping_status":"closed","template":"","meta":{"footnotes":""},"class_list":["post-1301","page","type-page","status-publish","has-post-thumbnail","hentry"],"_links":{"self":[{"href":"https:\/\/casaderetiroelmirador.com\/loginwp\/wp-json\/wp\/v2\/pages\/1301","targetHints":{"allow":["GET"]}}],"collection":[{"href":"https:\/\/casaderetiroelmirador.com\/loginwp\/wp-json\/wp\/v2\/pages"}],"about":[{"href":"https:\/\/casaderetiroelmirador.com\/loginwp\/wp-json\/wp\/v2\/types\/page"}],"author":[{"embeddable":true,"href":"https:\/\/casaderetiroelmirador.com\/loginwp\/wp-json\/wp\/v2\/users\/1"}],"replies":[{"embeddable":true,"href":"https:\/\/casaderetiroelmirador.com\/loginwp\/wp-json\/wp\/v2\/comments?post=1301"}],"version-history":[{"count":0,"href":"https:\/\/casaderetiroelmirador.com\/loginwp\/wp-json\/wp\/v2\/pages\/1301\/revisions"}],"up":[{"embeddable":true,"href":"https:\/\/casaderetiroelmirador.com\/loginwp\/wp-json\/wp\/v2\/pages\/853"}],"wp:featuredmedia":[{"embeddable":true,"href":"https:\/\/casaderetiroelmirador.com\/loginwp\/wp-json\/wp\/v2\/media\/1941"}],"wp:attachment":[{"href":"https:\/\/casaderetiroelmirador.com\/loginwp\/wp-json\/wp\/v2\/media?parent=1301"}],"curies":[{"name":"wp","href":"https:\/\/api.w.org\/{rel}","templated":true}]}}