{"id":1295,"date":"2019-07-08T16:59:57","date_gmt":"2019-07-08T16:59:57","guid":{"rendered":"https:\/\/casaderetiroelmirador.com\/loginwp\/?page_id=1295"},"modified":"2023-05-08T19:26:17","modified_gmt":"2023-05-08T19:26:17","slug":"terapia-fisica","status":"publish","type":"page","link":"https:\/\/casaderetiroelmirador.com\/loginwp\/es\/nuestros-servicios\/terapia-fisica\/","title":{"rendered":"Terapia f\u00edsica"},"content":{"rendered":"<div class=\"wpb-content-wrapper\"><p>[vc_row][vc_column width=&#8221;1\/2&#8243;][vc_column_text]<span style=\"font-weight: 400;\">Las personas de edad avanzada, al tener limitaciones en la funcionalidad f\u00edsica, tienden a sufrir mayores problemas, principalmente causados por accidentes que pueden da\u00f1ar f\u00edsicamente al individuo.\u00a0 Los ancianos, al ser m\u00e1s fr\u00e1giles, se recomienda que realicen actividades que ayuden a ejercitar las articulaciones, huesos y m\u00fasculos, para as\u00ed evitar las ca\u00eddas y el rompimiento de alguna estructura corporal.<\/span><\/p>\n<p><span style=\"font-weight: 400;\">Un \u00e1rea que ayuda a la ejercitaci\u00f3n de los adultos es la fisioterapia donde se previene, se promueve y se trata de recuperar la facilidad de movimiento, estimulando cada zona del individuo. Se hace uso de t\u00e9cnicas\u00a0 y movimientos en donde el anciano se apoya de ciertos elementos de su alrededor para poder llevar a cabo las actividades supervisadas por un especialista. Se implementan estos m\u00e9todos para mantener el cuerpo lo m\u00e1s fuerte y estable posible, con el objetivo de disminuir el riesgo de accidentes.<\/span>[\/vc_column_text][vc_empty_space height=&#8221;50px&#8221;][vc_single_image image=&#8221;1293&#8243; img_size=&#8221;large&#8221;][\/vc_column][vc_column width=&#8221;1\/2&#8243;][vc_single_image image=&#8221;1292&#8243; img_size=&#8221;large&#8221;][vc_column_text]<span style=\"font-weight: 400;\">Los programas que se implementan dentro de la fisioterapia van acordes a la estimulaci\u00f3n de las extremidades para permitirle al adulto mayor la resistencia, la fuerza y la flexibilidad que le ayudar\u00e1 a realizar sus actividades cotidianas sin tanta dificultad\u00a0 como lo ser\u00eda si no se implementara esta t\u00e9cnica.<\/span><\/p>\n<p><span style=\"font-weight: 400;\">Las personas que trabajan en esto, es decir, los fisioterapeutas, est\u00e1n encargados de emplear estos procedimientos en pacientes geri\u00e1tricos y deben de conocer a la perfecci\u00f3n la anatom\u00eda del cuerpo y reconocer que un paciente con un cuerpo m\u00e1s d\u00e9bil se debe de tratar con sumo cuidado. Estas personas suelen trabajar con personas que tienen enfermedades como lo es el Parkinson y el\u00a0 Alzheimer, al igual que con individuos que han sufrido de fracturas, o sufren de enfermedades como la artritis, osteoporosis, entre otros.<\/span><\/p>\n<p><span style=\"font-weight: 400;\">En Casa de Retiro El Mirador queremos que nuestros residentes desarrollen todas sus habilidades sin limitaci\u00f3n alguna, deseamos que con el paso del tiempo el cuerpo de nuestros hu\u00e9spedes se vaya fortaleciendo para evitar da\u00f1os en su persona. Gracias a ese deseo, contamos con fisioterapia que ayudar\u00e1 a agilizar los movimientos de nuestros adultos mayores para que ellos se sientan m\u00e1s c\u00f3modos y autosuficientes.<\/span>[\/vc_column_text][\/vc_column][\/vc_row]<\/p>\n<\/div>","protected":false},"excerpt":{"rendered":"<p>[vc_row][vc_column width=&#8221;1\/2&#8243;][vc_column_text]Las personas de edad avanzada, al tener limitaciones en la funcionalidad f\u00edsica, tienden a sufrir mayores problemas, principalmente causados por accidentes que pueden da\u00f1ar f\u00edsicamente al individuo.\u00a0 Los ancianos, [&hellip;]<\/p>\n","protected":false},"author":1,"featured_media":1947,"parent":853,"menu_order":0,"comment_status":"closed","ping_status":"closed","template":"","meta":{"footnotes":""},"class_list":["post-1295","page","type-page","status-publish","has-post-thumbnail","hentry"],"_links":{"self":[{"href":"https:\/\/casaderetiroelmirador.com\/loginwp\/wp-json\/wp\/v2\/pages\/1295","targetHints":{"allow":["GET"]}}],"collection":[{"href":"https:\/\/casaderetiroelmirador.com\/loginwp\/wp-json\/wp\/v2\/pages"}],"about":[{"href":"https:\/\/casaderetiroelmirador.com\/loginwp\/wp-json\/wp\/v2\/types\/page"}],"author":[{"embeddable":true,"href":"https:\/\/casaderetiroelmirador.com\/loginwp\/wp-json\/wp\/v2\/users\/1"}],"replies":[{"embeddable":true,"href":"https:\/\/casaderetiroelmirador.com\/loginwp\/wp-json\/wp\/v2\/comments?post=1295"}],"version-history":[{"count":0,"href":"https:\/\/casaderetiroelmirador.com\/loginwp\/wp-json\/wp\/v2\/pages\/1295\/revisions"}],"up":[{"embeddable":true,"href":"https:\/\/casaderetiroelmirador.com\/loginwp\/wp-json\/wp\/v2\/pages\/853"}],"wp:featuredmedia":[{"embeddable":true,"href":"https:\/\/casaderetiroelmirador.com\/loginwp\/wp-json\/wp\/v2\/media\/1947"}],"wp:attachment":[{"href":"https:\/\/casaderetiroelmirador.com\/loginwp\/wp-json\/wp\/v2\/media?parent=1295"}],"curies":[{"name":"wp","href":"https:\/\/api.w.org\/{rel}","templated":true}]}}