{"id":1289,"date":"2019-07-08T16:44:57","date_gmt":"2019-07-08T16:44:57","guid":{"rendered":"https:\/\/casaderetiroelmirador.com\/loginwp\/?page_id=1289"},"modified":"2023-05-09T07:21:15","modified_gmt":"2023-05-09T07:21:15","slug":"3-comidas-saludables","status":"publish","type":"page","link":"https:\/\/casaderetiroelmirador.com\/loginwp\/es\/nuestros-servicios\/3-comidas-saludables\/","title":{"rendered":"3 comidas saludables"},"content":{"rendered":"<div class=\"wpb-content-wrapper\"><p>[vc_row][vc_column width=&#8221;1\/2&#8243;][vc_column_text]<span style=\"font-weight: 400;\">Definitivamente uno de los elementos m\u00e1s importantes en la vida de las personas es la alimentaci\u00f3n, ya que esta determinar\u00e1 la salud de la persona.\u00a0 Pero conforme vamos envejeciendo, ciertos procedimientos que antes se nos hac\u00edan sencillos ahora se van dificultando, como lo es la disminuci\u00f3n funcional de todos los \u00f3rganos. A partir de la tercera edad, el cuerpo sufre cambios que tienen muchos efectos y afectan su funcionalidad, estos en muchos casos son irreversibles y progresivos.<\/span><\/p>\n<p><span style=\"font-weight: 400;\">La p\u00e9rdida de peso y las complicaciones yacentes en todo el organismo pueden dificultar la ingesta diaria de alimentos y, por ende, pueden da\u00f1ar y perjudicar de manera f\u00edsica y psicol\u00f3gica al adulto mayor.<\/span><\/p>\n<p><span style=\"font-weight: 400;\">Una buena alimentaci\u00f3n debe de contener los requerimientos necesarios para proveer al adulto mayor la energ\u00eda necesaria para el d\u00eda a d\u00eda. La alimentaci\u00f3n de la persona debe de poseer el porcentaje cal\u00f3rico adecuado para que todos los nutrientes puedan ser procesados y absorbidos por el cuerpo de forma eficaz. Es importante recalcar que la alimentaci\u00f3n depender\u00e1 esencialmente de las condiciones en las cuales se encuentra la persona.<\/span>[\/vc_column_text][vc_empty_space][vc_single_image image=&#8221;1287&#8243; img_size=&#8221;large&#8221;][\/vc_column][vc_column width=&#8221;1\/2&#8243;][vc_single_image image=&#8221;1284&#8243; img_size=&#8221;large&#8221;][vc_column_text]<span style=\"font-weight: 400;\">No por el hecho de que el adulto est\u00e9 delgado quiere decir que se le puede administrar una cantidad alta en grasas, no; el consumo de grasas debe estar dentro de los porcentajes, sin sobrepasar los 300 mg\/ d\u00eda. Una buena nutrici\u00f3n les permitir\u00e1 a los adultos mayores llevar una mejor vida y su salud mejorar\u00e1 considerablemente, pero para lograrlo, las personas se deben de adaptar a un estilo de alimentaci\u00f3n saludable.<\/span><\/p>\n<p><span style=\"font-weight: 400;\">En Casa de Retiro El Mirador procuramos siempre ofrecer los mejores servicios a aquellos adultos que forman parte de nuestra casa, y sabemos la importancia de una buena alimentaci\u00f3n, por lo que la alimentaci\u00f3n va acorde a las necesidades de los hu\u00e9spedes. Se ofrecen 3 comidas fuertes al d\u00eda, en donde cada uno de ellas est\u00e1 equilibrada nutricionalmente para proporcionarle a los residentes la cantidad de prote\u00ednas, vitaminas, carbohidratos y vitaminas que son necesarias. Tambi\u00e9n ofrecemos dos refrigerios al d\u00eda, los cuales se ajustan a las necesidades personales de alimentaci\u00f3n. Tambi\u00e9n podemos suministrar cualquier dieta especial.<\/span><\/p>\n<p><span style=\"font-weight: 400;\">Los familiares de los residentes pueden estar tranquilos de que aqu\u00ed, en Casa de Retiro El Mirador, les otorgaremos los cuidados necesarios y la alimentaci\u00f3n apropiada para ellos.<\/span>[\/vc_column_text][\/vc_column][\/vc_row]<\/p>\n<\/div>","protected":false},"excerpt":{"rendered":"<p>[vc_row][vc_column width=&#8221;1\/2&#8243;][vc_column_text]Definitivamente uno de los elementos m\u00e1s importantes en la vida de las personas es la alimentaci\u00f3n, ya que esta determinar\u00e1 la salud de la persona.\u00a0 Pero conforme vamos envejeciendo, [&hellip;]<\/p>\n","protected":false},"author":1,"featured_media":1937,"parent":853,"menu_order":0,"comment_status":"closed","ping_status":"closed","template":"","meta":{"footnotes":""},"class_list":["post-1289","page","type-page","status-publish","has-post-thumbnail","hentry"],"_links":{"self":[{"href":"https:\/\/casaderetiroelmirador.com\/loginwp\/wp-json\/wp\/v2\/pages\/1289","targetHints":{"allow":["GET"]}}],"collection":[{"href":"https:\/\/casaderetiroelmirador.com\/loginwp\/wp-json\/wp\/v2\/pages"}],"about":[{"href":"https:\/\/casaderetiroelmirador.com\/loginwp\/wp-json\/wp\/v2\/types\/page"}],"author":[{"embeddable":true,"href":"https:\/\/casaderetiroelmirador.com\/loginwp\/wp-json\/wp\/v2\/users\/1"}],"replies":[{"embeddable":true,"href":"https:\/\/casaderetiroelmirador.com\/loginwp\/wp-json\/wp\/v2\/comments?post=1289"}],"version-history":[{"count":0,"href":"https:\/\/casaderetiroelmirador.com\/loginwp\/wp-json\/wp\/v2\/pages\/1289\/revisions"}],"up":[{"embeddable":true,"href":"https:\/\/casaderetiroelmirador.com\/loginwp\/wp-json\/wp\/v2\/pages\/853"}],"wp:featuredmedia":[{"embeddable":true,"href":"https:\/\/casaderetiroelmirador.com\/loginwp\/wp-json\/wp\/v2\/media\/1937"}],"wp:attachment":[{"href":"https:\/\/casaderetiroelmirador.com\/loginwp\/wp-json\/wp\/v2\/media?parent=1289"}],"curies":[{"name":"wp","href":"https:\/\/api.w.org\/{rel}","templated":true}]}}