{"id":1273,"date":"2019-07-08T15:50:44","date_gmt":"2019-07-08T15:50:44","guid":{"rendered":"https:\/\/casaderetiroelmirador.com\/loginwp\/?page_id=1273"},"modified":"2023-05-08T19:24:52","modified_gmt":"2023-05-08T19:24:52","slug":"registro-diario-de-signos-vitales","status":"publish","type":"page","link":"https:\/\/casaderetiroelmirador.com\/loginwp\/es\/nuestros-servicios\/registro-diario-de-signos-vitales\/","title":{"rendered":"Registro diario de signos vitales"},"content":{"rendered":"<div class=\"wpb-content-wrapper\"><p>[vc_row][vc_column width=&#8221;1\/2&#8243;][vc_column_text]<span style=\"font-weight: 400;\">Un registro de signos vitales diario es muy importante en las personas mayores, pues ayuda a determinar qu\u00e9 tal se encuentra su estado de salud y de esta forma a prevenir posibles padecimientos. En Casa de Retiro El Mirador contamos con el servicio de registro diario de signos vitales de nuestros residentes, siempre pensando en ofrecerles el mejor servicio posible.\u00a0<\/span><\/p>\n<p>&nbsp;<\/p>\n<p><b><i>\u00bfQu\u00e9 prop\u00f3sito tiene este registro diario?<\/i><\/b><span style=\"font-weight: 400;\">\u00a0<\/span><\/p>\n<p><span style=\"font-weight: 400;\">Realizar una toma de presi\u00f3n arterial, pulso y glucosa, as\u00ed como llevar un registro diario de ellos tiene como \u00fanico prop\u00f3sito ayudar a prevenir enfermedades y mantener la salud de nuestros residentes, as\u00ed como ayudarlos para el seguimiento de sus consultas m\u00e9dicas. Muchas veces podemos desconocer la importancia de llevar un registro de cada una de estas cosas, por lo que explicaremos un poquito porque es bueno realizarlo.\u00a0<\/span>[\/vc_column_text][vc_empty_space height=&#8221;70px&#8221;][vc_single_image image=&#8221;709&#8243; img_size=&#8221;large&#8221;][\/vc_column][vc_column width=&#8221;1\/2&#8243;][vc_single_image image=&#8221;1262&#8243; img_size=&#8221;large&#8221;][vc_column_text]<b>Toma de presi\u00f3n arterial<\/b><span style=\"font-weight: 400;\">: La presi\u00f3n arterial es la presi\u00f3n que ejerce la sangre al circular por los vasos sangu\u00edneos y esta es una manifestaci\u00f3n muy clara del estado de salud de una persona, pues cualquier alteraci\u00f3n de esta puede ser se\u00f1al de que se est\u00e1 presentando alguna anormalidad. No llevar un registro de esta puede provocar que no se diagnostique a tiempo la presencia de <\/span><i><span style=\"font-weight: 400;\">hipertensi\u00f3n arterial, <\/span><\/i><span style=\"font-weight: 400;\">que es una enfermedad com\u00fan en las personas mayores y se produce por el aumento de la fuerza de presi\u00f3n que ejerce la sangre en las arterias, no detectarla a tiempo puede provocar alteraciones sist\u00e9micas en el coraz\u00f3n, el cerebro, el ri\u00f1\u00f3n, entre otros \u00f3rganos.\u00a0\u00a0\u00a0<\/span><\/p>\n<p><b>Toma de pulso: <\/b><span style=\"font-weight: 400;\">El pulso no es otra cosa que la frecuencia con la que late el coraz\u00f3n, por ello es conocido com\u00fanmente como frecuencia card\u00edaca. Llevar un registro diario de la frecuencia card\u00edaca es muy importante para revisar que no exista un cambio en la frecuencia o en el ritmo, pues un pulso d\u00e9bil podr\u00eda indicar que existe una enfermedad card\u00edaca o alg\u00fan otro tipo de problema.\u00a0<\/span><\/p>\n<p><b>Toma de glucosa:<\/b><span style=\"font-weight: 400;\"> La glucosa es el az\u00facar que circula en la sangre, la toma de glucosa mide los niveles de az\u00facar en la sangre, si los niveles son altos (hiperglucemia) puede ser signo de diabetes, si los niveles son bajos (hipoglucemia) puede haber riesgo de sufrir un problema m\u00e9dico serio como un da\u00f1o cerebral si no se trata a tiempo.\u00a0<\/span><\/p>\n<p><span style=\"font-weight: 400;\">En Casa de Retiro El Mirador contamos con personal especialmente entrenado y capacitado para encargarse del registro diario de signos vitales de nuestros residentes, para de esta forma ayudarlos a gozar de buena salud y calidad de vida, evitando enfermedades y padecimientos.\u00a0<\/span>[\/vc_column_text][\/vc_column][\/vc_row]<\/p>\n<\/div>","protected":false},"excerpt":{"rendered":"<p>[vc_row][vc_column width=&#8221;1\/2&#8243;][vc_column_text]Un registro de signos vitales diario es muy importante en las personas mayores, pues ayuda a determinar qu\u00e9 tal se encuentra su estado de salud y de esta forma [&hellip;]<\/p>\n","protected":false},"author":1,"featured_media":1952,"parent":853,"menu_order":0,"comment_status":"closed","ping_status":"closed","template":"","meta":{"footnotes":""},"class_list":["post-1273","page","type-page","status-publish","has-post-thumbnail","hentry"],"_links":{"self":[{"href":"https:\/\/casaderetiroelmirador.com\/loginwp\/wp-json\/wp\/v2\/pages\/1273","targetHints":{"allow":["GET"]}}],"collection":[{"href":"https:\/\/casaderetiroelmirador.com\/loginwp\/wp-json\/wp\/v2\/pages"}],"about":[{"href":"https:\/\/casaderetiroelmirador.com\/loginwp\/wp-json\/wp\/v2\/types\/page"}],"author":[{"embeddable":true,"href":"https:\/\/casaderetiroelmirador.com\/loginwp\/wp-json\/wp\/v2\/users\/1"}],"replies":[{"embeddable":true,"href":"https:\/\/casaderetiroelmirador.com\/loginwp\/wp-json\/wp\/v2\/comments?post=1273"}],"version-history":[{"count":0,"href":"https:\/\/casaderetiroelmirador.com\/loginwp\/wp-json\/wp\/v2\/pages\/1273\/revisions"}],"up":[{"embeddable":true,"href":"https:\/\/casaderetiroelmirador.com\/loginwp\/wp-json\/wp\/v2\/pages\/853"}],"wp:featuredmedia":[{"embeddable":true,"href":"https:\/\/casaderetiroelmirador.com\/loginwp\/wp-json\/wp\/v2\/media\/1952"}],"wp:attachment":[{"href":"https:\/\/casaderetiroelmirador.com\/loginwp\/wp-json\/wp\/v2\/media?parent=1273"}],"curies":[{"name":"wp","href":"https:\/\/api.w.org\/{rel}","templated":true}]}}