{"id":1258,"date":"2019-07-05T19:47:06","date_gmt":"2019-07-05T19:47:06","guid":{"rendered":"https:\/\/casaderetiroelmirador.com\/loginwp\/?page_id=1258"},"modified":"2023-05-08T19:24:19","modified_gmt":"2023-05-08T19:24:19","slug":"administracion-de-medicamentos","status":"publish","type":"page","link":"https:\/\/casaderetiroelmirador.com\/loginwp\/es\/nuestros-servicios\/administracion-de-medicamentos\/","title":{"rendered":"Administraci\u00f3n de Medicamentos"},"content":{"rendered":"<div class=\"wpb-content-wrapper\"><p>[vc_row][vc_column width=&#8221;1\/2&#8243;][vc_column_text]<span style=\"font-weight: 400;\">En Casa de Retiro El Mirador sabemos la importancia que tiene una buena administraci\u00f3n de la medicaci\u00f3n en las personas mayores, por este motivo nos hemos dado a la tarea de ofrecer el manejo personal de medicaci\u00f3n como parte de nuestros servicios.\u00a0<\/span><\/p>\n<p><b><i>\u00bfPor qu\u00e9 es importante el correcto manejo de la medicaci\u00f3n de una persona mayor?\u00a0<\/i><\/b><\/p>\n<p>&nbsp;<\/p>\n<p><span style=\"font-weight: 400;\">Cuando se llega a cierta edad es totalmente normal que ciertos padecimientos empiecen a hacerse presentes y para poder tratarlos de la forma correcta es necesario consumir medicamentos, la cantidad que se tenga que consumir de estos depende de cada persona, pero regularmente las personas entre 65-90 a\u00f1os suelen consumir distintos medicamentos, los cuales son realmente necesarios para que puedan seguir llevando una vida placentera y sin tantas molestias.<\/span>[\/vc_column_text][vc_empty_space height=&#8221;60px&#8221;][vc_single_image image=&#8221;1251&#8243; img_size=&#8221;large&#8221;][\/vc_column][vc_column width=&#8221;1\/2&#8243;][vc_single_image image=&#8221;1252&#8243; img_size=&#8221;large&#8221;][vc_column_text]<span style=\"font-weight: 400;\">Los medicamentos suelen tener un horario establecido en el cual la persona tiene que tomarlos para que puedan tener el efecto deseado, respetar este horario es muy importante para que la medicina pueda ayudar realmente al paciente. Tambi\u00e9n si se consumen diferentes medicamentos, estos pueden llegar a confundirse y esto a su vez repercutir en la persona que los est\u00e1 consumiendo.\u00a0<\/span><\/p>\n<p><span style=\"font-weight: 400;\">Con la edad recordar las cosas puede volverse una tarea dif\u00edcil, por lo que muchas personas olvidan tomar sus medicamentos en el horario establecido, los confunden, no prestan atenci\u00f3n a la fecha de caducidad o simplemente olvidan por completo tomarlos y esto puede llegar a deteriorar su estado de salud, por lo cual un manejo adecuado de la medicaci\u00f3n es sumamente importante para la calidad de vida de las personas mayores.\u00a0<\/span><\/p>\n<p><span style=\"font-weight: 400;\">En Casa de Retiro El Mirador contamos con personal especialmente entrenado y capacitado para encargarse del manejo de la medicaci\u00f3n de nuestros residentes, para que as\u00ed ni ellos ni sus familiares tengan la preocupaci\u00f3n de que en alg\u00fan momento vayan a olvidarlo, asegur\u00e1ndonos as\u00ed, de que su \u00fanica preocupaci\u00f3n sea disfrutar y ser felices.\u00a0<\/span>[\/vc_column_text][\/vc_column][\/vc_row]<\/p>\n<\/div>","protected":false},"excerpt":{"rendered":"<p>[vc_row][vc_column width=&#8221;1\/2&#8243;][vc_column_text]En Casa de Retiro El Mirador sabemos la importancia que tiene una buena administraci\u00f3n de la medicaci\u00f3n en las personas mayores, por este motivo nos hemos dado a la [&hellip;]<\/p>\n","protected":false},"author":1,"featured_media":1949,"parent":853,"menu_order":0,"comment_status":"closed","ping_status":"closed","template":"","meta":{"footnotes":""},"class_list":["post-1258","page","type-page","status-publish","has-post-thumbnail","hentry"],"_links":{"self":[{"href":"https:\/\/casaderetiroelmirador.com\/loginwp\/wp-json\/wp\/v2\/pages\/1258","targetHints":{"allow":["GET"]}}],"collection":[{"href":"https:\/\/casaderetiroelmirador.com\/loginwp\/wp-json\/wp\/v2\/pages"}],"about":[{"href":"https:\/\/casaderetiroelmirador.com\/loginwp\/wp-json\/wp\/v2\/types\/page"}],"author":[{"embeddable":true,"href":"https:\/\/casaderetiroelmirador.com\/loginwp\/wp-json\/wp\/v2\/users\/1"}],"replies":[{"embeddable":true,"href":"https:\/\/casaderetiroelmirador.com\/loginwp\/wp-json\/wp\/v2\/comments?post=1258"}],"version-history":[{"count":0,"href":"https:\/\/casaderetiroelmirador.com\/loginwp\/wp-json\/wp\/v2\/pages\/1258\/revisions"}],"up":[{"embeddable":true,"href":"https:\/\/casaderetiroelmirador.com\/loginwp\/wp-json\/wp\/v2\/pages\/853"}],"wp:featuredmedia":[{"embeddable":true,"href":"https:\/\/casaderetiroelmirador.com\/loginwp\/wp-json\/wp\/v2\/media\/1949"}],"wp:attachment":[{"href":"https:\/\/casaderetiroelmirador.com\/loginwp\/wp-json\/wp\/v2\/media?parent=1258"}],"curies":[{"name":"wp","href":"https:\/\/api.w.org\/{rel}","templated":true}]}}