{"id":1243,"date":"2019-07-05T18:50:16","date_gmt":"2019-07-05T18:50:16","guid":{"rendered":"https:\/\/casaderetiroelmirador.com\/loginwp\/?page_id=1243"},"modified":"2023-05-08T19:04:46","modified_gmt":"2023-05-08T19:04:46","slug":"limpieza-impecable","status":"publish","type":"page","link":"https:\/\/casaderetiroelmirador.com\/loginwp\/es\/nuestros-servicios\/limpieza-impecable\/","title":{"rendered":"Limpieza Impecable"},"content":{"rendered":"<div class=\"wpb-content-wrapper\"><p>[vc_row][vc_column width=&#8221;1\/2&#8243;][vc_column_text]<span style=\"font-weight: 400;\">Una de las actividades m\u00e1s importantes en espacios donde viven muchas personas es la limpieza. Esta se tiene que realizar regularmente en todos los espacios transitados, como lo son los cuartos, cocina, espacios p\u00fablicos, etc.<\/span><\/p>\n<p><span style=\"font-weight: 400;\">La limpieza evitar\u00e1 la presencia de ciertas bacterias y par\u00e1sitos asociados con la falta de higiene, al igual que enfermedades que pueden da\u00f1ar la salud. En Casa de Retiro El Mirador, sabemos que la limpieza es un elemento bastante importante y m\u00e1s cuando se tiene al cuidado muchas personas que pertenecen a la tercera edad. Contamos con personal espec\u00edfico que se encarga de llevar a cabo estas tareas, en espacios como lo son los cuartos y las \u00e1reas comunes.<\/span><\/p>\n<p><span style=\"font-weight: 400;\">Debido a que las personas mayores tienden a enfermarse m\u00e1s seguido, es s\u00faper importante hacer especial \u00e9nfasis en las tareas de limpieza, ya que permitir\u00e1 la eliminaci\u00f3n de bacterias y de esta forma se podr\u00e1 evitar la propagaci\u00f3n de infecciones en los hu\u00e9spedes, en el personal y en los visitantes. Se hace uso de productos espec\u00edficos que matan las bacterias y tienen un bajo porcentaje de qu\u00edmicos, esto para evitar posibles reacciones al\u00e9rgicas en los adultos mayores.<\/span>[\/vc_column_text][vc_empty_space][vc_single_image image=&#8221;1239&#8243; img_size=&#8221;large&#8221;][\/vc_column][vc_column width=&#8221;1\/2&#8243;][vc_single_image image=&#8221;1238&#8243; img_size=&#8221;large&#8221;][vc_column_text]<span style=\"font-weight: 400;\">La periodicidad de la limpieza y de la organizaci\u00f3n en la casa depende y var\u00eda, pero diariamente se realiza el aseo en espacios como lo son los cuartos y las \u00e1reas de uso diario siempre se encuentran ventiladas; los muebles, pisos de la casa y cualquier otra superficie es limpiada detalladamente. La limpieza de la cocina forma tambi\u00e9n parte de la limpieza diaria, as\u00ed como el aseo de los ba\u00f1os en dormitorios y aquellos localizados en zonas comunes.<\/span><\/p>\n<p><span style=\"font-weight: 400;\">El servicio de limpieza que ofrece la Casa de Retiro El Mirador no es un aseo gen\u00e9rico y superficial; se centra en siempre mantener los espacios limpios acordes a las necesidades de cada hu\u00e9sped. Al igual, como se mencion\u00f3 anteriormente, se evitar\u00e1 la propagaci\u00f3n de enfermedades que, en personas de edad avanzada, pueden ser m\u00e1s dif\u00edciles de tratar. Siempre procuraremos ofrecer un espacio limpio y ordenado que les permita a los adultos disfrutar de un ambiente de paz y comodidad.<\/span>[\/vc_column_text][\/vc_column][\/vc_row]<\/p>\n<\/div>","protected":false},"excerpt":{"rendered":"<p>[vc_row][vc_column width=&#8221;1\/2&#8243;][vc_column_text]Una de las actividades m\u00e1s importantes en espacios donde viven muchas personas es la limpieza. Esta se tiene que realizar regularmente en todos los espacios transitados, como lo son [&hellip;]<\/p>\n","protected":false},"author":1,"featured_media":1966,"parent":853,"menu_order":0,"comment_status":"closed","ping_status":"closed","template":"","meta":{"footnotes":""},"class_list":["post-1243","page","type-page","status-publish","has-post-thumbnail","hentry"],"_links":{"self":[{"href":"https:\/\/casaderetiroelmirador.com\/loginwp\/wp-json\/wp\/v2\/pages\/1243","targetHints":{"allow":["GET"]}}],"collection":[{"href":"https:\/\/casaderetiroelmirador.com\/loginwp\/wp-json\/wp\/v2\/pages"}],"about":[{"href":"https:\/\/casaderetiroelmirador.com\/loginwp\/wp-json\/wp\/v2\/types\/page"}],"author":[{"embeddable":true,"href":"https:\/\/casaderetiroelmirador.com\/loginwp\/wp-json\/wp\/v2\/users\/1"}],"replies":[{"embeddable":true,"href":"https:\/\/casaderetiroelmirador.com\/loginwp\/wp-json\/wp\/v2\/comments?post=1243"}],"version-history":[{"count":0,"href":"https:\/\/casaderetiroelmirador.com\/loginwp\/wp-json\/wp\/v2\/pages\/1243\/revisions"}],"up":[{"embeddable":true,"href":"https:\/\/casaderetiroelmirador.com\/loginwp\/wp-json\/wp\/v2\/pages\/853"}],"wp:featuredmedia":[{"embeddable":true,"href":"https:\/\/casaderetiroelmirador.com\/loginwp\/wp-json\/wp\/v2\/media\/1966"}],"wp:attachment":[{"href":"https:\/\/casaderetiroelmirador.com\/loginwp\/wp-json\/wp\/v2\/media?parent=1243"}],"curies":[{"name":"wp","href":"https:\/\/api.w.org\/{rel}","templated":true}]}}