{"id":1231,"date":"2019-07-05T17:33:12","date_gmt":"2019-07-05T17:33:12","guid":{"rendered":"https:\/\/casaderetiroelmirador.com\/loginwp\/?page_id=1231"},"modified":"2023-05-08T18:59:53","modified_gmt":"2023-05-08T18:59:53","slug":"vida-asistida","status":"publish","type":"page","link":"https:\/\/casaderetiroelmirador.com\/loginwp\/es\/instalaciones\/vida-asistida\/","title":{"rendered":"Vida Asistida en Tijuana"},"content":{"rendered":"<div class=\"wpb-content-wrapper\"><p>[vc_row][vc_column][vc_column_text]<span style=\"font-weight: 400;\">En estos d\u00edas existen muchas comunidades de vida asistida, las cuales ofrecen una gran variedad de servicios, pero una duda que muchos tienen es c\u00f3mo determinar cu\u00e1les de todos estos servicios que ofrecen, podr\u00e1n satisfacer sus necesidades.<\/span><\/p>\n<p><span style=\"font-weight: 400;\">Claro que si lo que desea es lo mejor para el ser querido, es natural que se busque la comunidad asistida con los mejores servicios que puedan satisfacer completamente las necesidades de la persona mayor como la de sus familiares.\u00a0<\/span><\/p>\n<p><span style=\"font-weight: 400;\">\u00bfQu\u00e9 es la vida asistida?\u00a0<\/span><\/p>\n<p><span style=\"font-weight: 400;\">A medida que la gente se va haciendo mayor va perdiendo fuerza y muchas veces pueden incluso enfermarse. La mayor\u00eda de ellos pueden llegar incluso a padecer Alzheimer\u2019s y demencia y es bien sabido que las personas que padecen estas condiciones no son muy f\u00e1ciles de cuidar por m\u00e1s que se desee si no se cuenta con los conocimientos adecuados. Estas personas suelen olvidar las cosas y es muy triste y desesperante verlos en ese tipo de condiciones. A diferencia de cuando ellos eran todav\u00eda jovenes, llenos de vitalidad y fuerza, cuando envejecen todo esto se va perdiendo.\u00a0 Como soluci\u00f3n a esto, muchas personas suelen contratar enfermeras privadas y cuidadores personales para que se hagan cargo de sus seres queridos, y algunos otros optan por comunidades de vida asistida. En estas comunidades ellos pueden ser cuidados y monitoreados las 24 horas del d\u00eda, los 7 d\u00edas de la semana por personal especializado.\u00a0<\/span><\/p>\n<p><span style=\"font-weight: 400;\">Nuestro personal est\u00e1 altamente capacitado en esta l\u00ednea de trabajo.\u00a0 Personas que han ddiso diagnosticadas con Alzheimer y Demencia suelen irritarse, deprimirse y entristecerse constantemente, personas sin conocimiento de c\u00f3mo tratar a este tipo de personas pueden perder la paciencia f\u00e1cilmente y eso es algo que queremos evitar a toda costa. Si usted no cuenta con la paciencia o los conocimientos necesarios para cuidar a personas con este padecimiento, deber\u00eda de considerar llevarlo a u una comunidad de vida asistida.\u00a0<\/span><\/p>\n<p><span style=\"font-weight: 400;\">Llevar a personas mayores como nuestros padres o nuestros seres queridos a un lugar de vida asistida donde ser\u00e1n cuidados de la mejor manera siempre ser\u00e1 una buena idea. Pues ser\u00e1n tratados como miembros de la familia, se les permitir\u00e1 gozar de la belleza de la naturaleza pues contamos con jardines verdes con flores que cuidamos constantemente, todo esto con la intenci\u00f3n de que estar en este ambiente calmado los ayude a relajarse intant\u00e1neamente. Tambi\u00e9n contamos con actividades adecuadas para que puedan divertirse y pasar un buen rato totalmente sanas para que no tengan que preocuparse por sus condiciones m\u00e9dicas. Adem\u00e1s son constantemente monitoreados y alimentados de la manera m\u00e1s adecuada.\u00a0<\/span><\/p>\n<p><span style=\"font-weight: 400;\">Deja de preocuparte tanto y piensa en la mejor opci\u00f3n para ti y tu adulto mayor, donde puedan estar libres de estr\u00e9s y preocupaciones. Es innegable que cuidar a un adulto mayor no es algo para nada f\u00e1cil , pues se requiere mucho esfuerzo y paciencia. Si tienes que salir de la ciudad o tienes una actividad que te impida hacerte cargo de tu familiar, un un hogar de vida asistida es la mejor opci\u00f3n, pues no tendr\u00e1s que preocupaprte por nada, contar\u00e1s con la total seguridad de que tu ser querido est\u00e1 siendo atendido de la mejor manera posible, podr\u00e1s llamar si necesitas checarlo y a tu regreso estar\u00e1s lleno de energ\u00eda y podr\u00e1s hacerte cargo de tu ser querido de nuevo. Algunas veces es bueno deshacerse del estr\u00e9s y disfrutar de un tiempo de calidad para tu mismo. Ver la sonrisa de tu ser querido a tu regreso, mientras te cuenta su experiencia y aventuras en el hogar de vida asistida te har\u00e1 sentir a\u00fan mejor.\u00a0<\/span><\/p>\n<p><span style=\"font-weight: 400;\">Un lugar donde se ofrezca calidad de servicios siempre va a ser necesario y esto es justamente lo que se ofrece en los hogares de vida asistida, en ellos se crea la atm\u00f3sfera adecuada para un ambiente donde se pueda convivir tranquilamente. Reemplazar el sentimiento de soledad con una compa\u00f1\u00eda c\u00e1lida es una de las mejores cualidades de un hogar de vida asistida, pues estas se encargan de poner una sonrisa en los labios de los adultos mayores, aunque sea por unas horas al d\u00eda.\u00a0<\/span><\/p>\n<p><span style=\"font-weight: 400;\">Usualmente las facilidades que se ofrecen son un cuidado intensivo, as\u00ed como limpieza, comidas saludable y adecuadas, asistencia m\u00e9dica, entre otros que puedan ayudar a los residentes a sentirse c\u00f3modos y tranquilos. Sabemos que escoger un lugar donde dejar al cuidado a nuestros seres queridos no es nada f\u00e1cil y que es importante buscar varias opciones, verificar que los lugares cuenten con los permisos adecuados y que cuenten con las facilidades anteriormente mencionadas, as\u00ed como el precio de estos.<\/span>[\/vc_column_text][\/vc_column][\/vc_row]<\/p>\n<\/div>","protected":false},"excerpt":{"rendered":"<p>[vc_row][vc_column][vc_column_text]En estos d\u00edas existen muchas comunidades de vida asistida, las cuales ofrecen una gran variedad de servicios, pero una duda que muchos tienen es c\u00f3mo determinar cu\u00e1les de todos estos [&hellip;]<\/p>\n","protected":false},"author":1,"featured_media":1965,"parent":835,"menu_order":0,"comment_status":"closed","ping_status":"closed","template":"","meta":{"footnotes":""},"class_list":["post-1231","page","type-page","status-publish","has-post-thumbnail","hentry"],"_links":{"self":[{"href":"https:\/\/casaderetiroelmirador.com\/loginwp\/wp-json\/wp\/v2\/pages\/1231","targetHints":{"allow":["GET"]}}],"collection":[{"href":"https:\/\/casaderetiroelmirador.com\/loginwp\/wp-json\/wp\/v2\/pages"}],"about":[{"href":"https:\/\/casaderetiroelmirador.com\/loginwp\/wp-json\/wp\/v2\/types\/page"}],"author":[{"embeddable":true,"href":"https:\/\/casaderetiroelmirador.com\/loginwp\/wp-json\/wp\/v2\/users\/1"}],"replies":[{"embeddable":true,"href":"https:\/\/casaderetiroelmirador.com\/loginwp\/wp-json\/wp\/v2\/comments?post=1231"}],"version-history":[{"count":0,"href":"https:\/\/casaderetiroelmirador.com\/loginwp\/wp-json\/wp\/v2\/pages\/1231\/revisions"}],"up":[{"embeddable":true,"href":"https:\/\/casaderetiroelmirador.com\/loginwp\/wp-json\/wp\/v2\/pages\/835"}],"wp:featuredmedia":[{"embeddable":true,"href":"https:\/\/casaderetiroelmirador.com\/loginwp\/wp-json\/wp\/v2\/media\/1965"}],"wp:attachment":[{"href":"https:\/\/casaderetiroelmirador.com\/loginwp\/wp-json\/wp\/v2\/media?parent=1231"}],"curies":[{"name":"wp","href":"https:\/\/api.w.org\/{rel}","templated":true}]}}