{"id":1220,"date":"2019-07-04T19:58:16","date_gmt":"2019-07-04T19:58:16","guid":{"rendered":"https:\/\/casaderetiroelmirador.com\/loginwp\/?page_id=1220"},"modified":"2023-05-08T19:02:23","modified_gmt":"2023-05-08T19:02:23","slug":"instalaciones-de-primer-nivel","status":"publish","type":"page","link":"https:\/\/casaderetiroelmirador.com\/loginwp\/es\/instalaciones-de-primer-nivel\/","title":{"rendered":"Instalaciones de primer nivel"},"content":{"rendered":"<div class=\"wpb-content-wrapper\"><p>[vc_row][vc_column width=&#8221;1\/2&#8243;][vc_column_text]<span style=\"font-weight: 400;\">En Casa del Retiro el Mirador sabemos que una de las cosas m\u00e1s importantes cuando se piensa en estancias para adultos mayores es la seguridad que se le provee a la persona, seguido por los cuidados, el confort y los servicios proporcionados. Todos estos elementos deben de estar englobados en las condiciones necesarias para llevarlos a cabo.<\/span><\/p>\n<p>&nbsp;<\/p>\n<p><span style=\"font-weight: 400;\">Es esencial recordar que el lugar ofrece el mejor servicio de atenci\u00f3n, satisfaciendo las demandas de los adultos. Los espacios est\u00e1n adaptados para cubrir los tres elementos esenciales del cuidado de los adultos mayores:<\/span><\/p>\n<p>&nbsp;<\/p>\n<ul>\n<li style=\"font-weight: 400;\"><span style=\"font-weight: 400;\">Comodidad en espacios de primera clase<\/span><\/li>\n<li style=\"font-weight: 400;\"><span style=\"font-weight: 400;\">Seguridad<\/span><\/li>\n<li style=\"font-weight: 400;\"><span style=\"font-weight: 400;\">Cuidados m\u00e9dicos<\/span><\/li>\n<\/ul>\n<p>&nbsp;<\/p>\n<p><span style=\"font-weight: 400;\">Todos los espacios dentro de la casa est\u00e1n debidamente equipados con lo necesario para ayudar a los adultos. La entrada cuenta con rampas para aquellos que usan sillas de ruedas; la iluminaci\u00f3n es adecuada al espacio y los escalones altos se evitan para que los residentes no sufran alguna ca\u00edda. Los espacios comunes, como lo es la sala, cuentan con asientos para todos los hu\u00e9spedes y con un lugar para actividades recreativas y para llevar a cabo terapias f\u00edsicas.<\/span>[\/vc_column_text][vc_single_image image=&#8221;1480&#8243; img_size=&#8221;large&#8221;][\/vc_column][vc_column width=&#8221;1\/2&#8243;][vc_single_image image=&#8221;780&#8243; img_size=&#8221;large&#8221;][vc_empty_space height=&#8221;60px&#8221;][vc_column_text]<span style=\"font-weight: 400;\">En cuanto a los dormitorios, estos est\u00e1n provistos con las herramientas necesarias para que la persona se sienta c\u00f3moda. La decoraci\u00f3n de la habitaci\u00f3n va acorde a los gustos, al igual que pueden contar con objetos que relajen visualmente al adulto; y la cama es confortable, con la altura ideal, en muchas ocasiones, se utilizan colchones especiales. Contamos con espaciosas habitaciones privadas y compartidas, que son habilitadas con aire acondicionado, abanico, calefacci\u00f3n, T.V. con cable y cama de hospital (opcional) con el \u00fanico prop\u00f3sito de brindar el mejor servicio posible.<\/span><\/p>\n<p>&nbsp;<\/p>\n<p><span style=\"font-weight: 400;\">Uno de los espacios esenciales es el ba\u00f1o, as\u00ed que contamos con las herramientas necesarias para reforzar la seguridad que la persona necesita. Las puertas del ba\u00f1o pueden ser abiertas por dentro y por fuera para vigilar al adulto. Y tambi\u00e9n cuentan con barras de soporte al lado de la taza del ba\u00f1o y en la regadera para evitar accidentes.<\/span><\/p>\n<p>&nbsp;<\/p>\n<p><span style=\"font-weight: 400;\">Es esencial que los familiares sepan que Casa de Retiro El Mirador cuenta con los m\u00e9todos de seguridad ya antes mencionados y que tambi\u00e9n se cuenta con el soporte m\u00e9dico que asesora en todo momento al residente y al personal que trabaja en la casa. Y sobre todo, lo verdaderamente importante es que el adulto debe de sentirse c\u00f3modo en el espacio ya que ser\u00e1 \u00e9l o ella quien vivir\u00e1 en la estancia. La combinaci\u00f3n de todos estos elementos permitir\u00e1 a las personas mayores llevar una vida m\u00e1s grata y digna.\u00a0<\/span>[\/vc_column_text][\/vc_column][\/vc_row]<\/p>\n<\/div>","protected":false},"excerpt":{"rendered":"<p>[vc_row][vc_column width=&#8221;1\/2&#8243;][vc_column_text]En Casa del Retiro el Mirador sabemos que una de las cosas m\u00e1s importantes cuando se piensa en estancias para adultos mayores es la seguridad que se le provee [&hellip;]<\/p>\n","protected":false},"author":1,"featured_media":632,"parent":841,"menu_order":0,"comment_status":"closed","ping_status":"closed","template":"","meta":{"footnotes":""},"class_list":["post-1220","page","type-page","status-publish","has-post-thumbnail","hentry"],"_links":{"self":[{"href":"https:\/\/casaderetiroelmirador.com\/loginwp\/wp-json\/wp\/v2\/pages\/1220","targetHints":{"allow":["GET"]}}],"collection":[{"href":"https:\/\/casaderetiroelmirador.com\/loginwp\/wp-json\/wp\/v2\/pages"}],"about":[{"href":"https:\/\/casaderetiroelmirador.com\/loginwp\/wp-json\/wp\/v2\/types\/page"}],"author":[{"embeddable":true,"href":"https:\/\/casaderetiroelmirador.com\/loginwp\/wp-json\/wp\/v2\/users\/1"}],"replies":[{"embeddable":true,"href":"https:\/\/casaderetiroelmirador.com\/loginwp\/wp-json\/wp\/v2\/comments?post=1220"}],"version-history":[{"count":0,"href":"https:\/\/casaderetiroelmirador.com\/loginwp\/wp-json\/wp\/v2\/pages\/1220\/revisions"}],"up":[{"embeddable":true,"href":"https:\/\/casaderetiroelmirador.com\/loginwp\/wp-json\/wp\/v2\/pages\/841"}],"wp:featuredmedia":[{"embeddable":true,"href":"https:\/\/casaderetiroelmirador.com\/loginwp\/wp-json\/wp\/v2\/media\/632"}],"wp:attachment":[{"href":"https:\/\/casaderetiroelmirador.com\/loginwp\/wp-json\/wp\/v2\/media?parent=1220"}],"curies":[{"name":"wp","href":"https:\/\/api.w.org\/{rel}","templated":true}]}}